{"id":1798,"date":"2021-02-02T17:40:51","date_gmt":"2021-02-02T17:40:51","guid":{"rendered":"https:\/\/nikolaimedtner.com\/praesentation-konzert-cd-schlaflosigkeit\/"},"modified":"2024-06-12T08:44:31","modified_gmt":"2024-06-12T08:44:31","slug":"praesentation-konzert-cd-schlaflosigkeit","status":"publish","type":"page","link":"https:\/\/nikolaimedtner.com\/de\/praesentation-konzert-cd-schlaflosigkeit\/","title":{"rendered":"Pr\u00e4sentation Konzert CD Schlaflosigkeit"},"content":{"rendered":"\n<p class=\"has-text-align-center has-vivid-cyan-blue-color has-text-color\"><em>(Englisch unten)<\/em><\/p>\n\n<p>Am 7. Februar 2021 wurde die zweite CD Sleeplessness auf dieser Seite vorgestellt. Das Pr\u00e4sentationskonzert wurde in der Philharmonie Haarlem aufgezeichnet und Sie k\u00f6nnen es hier kostenlos ansehen.<\/p>\n\n<div style=\"height:23px\" aria-hidden=\"true\" class=\"wp-block-spacer\"><\/div>\n<figure class=\"wp-block-embed wp-block-embed-youtube is-type-video is-provider-youtube epyt-figure\"><div class=\"wp-block-embed__wrapper\"><iframe loading=\"lazy\"  style=\"display: block; margin: 0px auto;\"  id=\"_ytid_83783\"  width=\"960\" height=\"540\"  data-origwidth=\"960\" data-origheight=\"540\"  data-relstop=\"1\" src=\"https:\/\/www.youtube.com\/embed\/gnaxOIa-KJg?enablejsapi=1&#038;autoplay=1&#038;rel=0&#038;cc_load_policy=0&#038;cc_lang_pref=&#038;iv_load_policy=1&#038;loop=0&#038;fs=1&#038;playsinline=0&#038;autohide=2&#038;theme=dark&#038;color=red&#038;controls=1&#038;disablekb=0&#038;\" class=\"__youtube_prefs__  no-lazyload\" title=\"YouTube player\"  allow=\"fullscreen; accelerometer; autoplay; clipboard-write; encrypted-media; gyroscope; picture-in-picture; web-share\" referrerpolicy=\"strict-origin-when-cross-origin\" allowfullscreen data-no-lazy=\"1\" data-skipgform_ajax_framebjll=\"\"><\/iframe><\/div><\/figure>\n<div style=\"height:15px\" aria-hidden=\"true\" class=\"wp-block-spacer\"><\/div>\n\n<p class=\"has-text-align-center\"><strong>Unterst\u00fctzen Sie das Medtner-Projekt mit einer Spende und erhalten Sie eine CD!<\/strong><\/p>\n\n<div class=\"wp-block-buttons aligncenter is-layout-flex wp-block-buttons-is-layout-flex\">\n<div class=\"wp-block-button is-style-fill\"><a class=\"wp-block-button__link has-background\" href=\"https:\/\/nikolaimedtner.com\/steun-het-medtner-project\/\" style=\"background-color:#7b1a1a\" target=\"_blank\" rel=\"noreferrer noopener\"><strong>SPENDEN\/BESTELLEN<\/strong><\/a><\/div>\n<\/div>\n\n<p class=\"has-text-align-center\"><\/p>\n\n<p class=\"has-text-align-center\">Alle Beitr\u00e4ge sind sehr willkommen. Mit Ihrer Hilfe werden Ekaterina und Frank die folgenden CDs realisieren k\u00f6nnen.<\/p>\n\n<div class=\"wp-block-buttons aligncenter is-layout-flex wp-block-buttons-is-layout-flex\">\n<div class=\"wp-block-button\"><a class=\"wp-block-button__link has-background\" href=\"https:\/\/nikolaimedtner.com\/wp-content\/uploads\/2021\/02\/Programma-Presentatie-CD-Sleeplessness-twee-talen.pdf\" style=\"background-color:#7b1a1a\" target=\"_blank\" rel=\"noreferrer noopener\">Programmheft Pr\u00e4sentationskonzert 7. Februar<\/a><\/div>\n<\/div>\n\n<div style=\"height:115px\" aria-hidden=\"true\" class=\"wp-block-spacer\"><\/div>\n\n<p class=\"has-text-align-center has-vivid-cyan-blue-color has-text-color\"><em>Die neue CD Sleeplessness von The Medtner Project wurde am 7. Februar ver\u00f6ffentlicht. Sie sind herzlich eingeladen, an diesem Konzert auf dieser Seite teilzunehmen.  <\/em><\/p>\n\n<div style=\"height:18px\" aria-hidden=\"true\" class=\"wp-block-spacer\"><\/div>\n\n<p class=\"has-text-align-center has-vivid-cyan-blue-color has-text-color\"><em><strong>Helfen Sie, indem Sie f\u00fcr das Projekt spenden, und erhalten Sie eine CD!<\/strong><\/em><\/p>\n\n<div class=\"wp-block-buttons aligncenter is-layout-flex wp-block-buttons-is-layout-flex\">\n<div class=\"wp-block-button\"><a class=\"wp-block-button__link has-background\" href=\"https:\/\/nikolaimedtner.com\/steun-het-medtner-project\/\" style=\"background-color:#7b1a1a\" target=\"_blank\" rel=\"noreferrer noopener\"><strong>SPENDEN\/BESTELLEN<\/strong><\/a><\/div>\n<\/div>\n\n<p class=\"has-text-align-center has-vivid-cyan-blue-color has-text-color\"><em>Sleeplessness ist die zweite von 5 CDs, die die kompletten 108 Lieder von Nikolai Medtner pr\u00e4sentieren werden.<\/em><\/p>\n\n<p class=\"has-text-align-center has-vivid-cyan-blue-color has-text-color\"><em>Nur mit Ihrer Hilfe k\u00f6nnen Ekaterina und Frank die kommenden CDs produzieren.<\/em> <em>Alle Beitr\u00e4ge werden sehr gesch\u00e4tzt.<\/em><\/p>\n\n<div class=\"wp-block-buttons aligncenter is-layout-flex wp-block-buttons-is-layout-flex\">\n<div class=\"wp-block-button\"><a class=\"wp-block-button__link has-background\" href=\"https:\/\/nikolaimedtner.com\/wp-content\/uploads\/2021\/02\/Programma-Presentatie-CD-Sleeplessness-twee-talen.pdf\" style=\"background-color:#7b1a1a\" target=\"_blank\" rel=\"noreferrer noopener\">Programmvorstellung Konzert 7. Februar<\/a><\/div>\n<\/div>\n\n<p><\/p>\n","protected":false},"excerpt":{"rendered":"<p>(Englisch unten) Am 7. Februar 2021 wurde die zweite CD Sleeplessness auf dieser Seite vorgestellt. Das Pr\u00e4sentationskonzert wurde in der Philharmonie Haarlem aufgezeichnet und Sie k\u00f6nnen es hier kostenlos ansehen. Unterst\u00fctzen Sie das Medtner-Projekt mit einer Spende und erhalten Sie eine CD! Alle Beitr\u00e4ge sind sehr willkommen. Mit Ihrer Hilfe werden Ekaterina und Frank die folgenden CDs realisieren k\u00f6nnen. Die neue CD Sleeplessness von The Medtner Project wurde am 7. Februar ver\u00f6ffentlicht. Sie sind herzlich eingeladen, an diesem Konzert auf dieser Seite teilzunehmen. Helfen Sie, indem Sie f\u00fcr das Projekt spenden, und erhalten Sie eine CD! Sleeplessness ist die zweite von 5 CDs, die die kompletten 108 Lieder von Nikolai Medtner pr\u00e4sentieren werden. Nur mit Ihrer Hilfe k\u00f6nnen Ekaterina und Frank die kommenden CDs produzieren. Alle Beitr\u00e4ge werden sehr gesch\u00e4tzt.<\/p>\n","protected":false},"author":3,"featured_media":0,"parent":0,"menu_order":0,"comment_status":"closed","ping_status":"closed","template":"","meta":{"_monsterinsights_skip_tracking":false,"_monsterinsights_sitenote_active":false,"_monsterinsights_sitenote_note":"","_monsterinsights_sitenote_category":0,"footnotes":""},"class_list":["post-1798","page","type-page","status-publish","hentry"],"_links":{"self":[{"href":"https:\/\/nikolaimedtner.com\/de\/wp-json\/wp\/v2\/pages\/1798","targetHints":{"allow":["GET"]}}],"collection":[{"href":"https:\/\/nikolaimedtner.com\/de\/wp-json\/wp\/v2\/pages"}],"about":[{"href":"https:\/\/nikolaimedtner.com\/de\/wp-json\/wp\/v2\/types\/page"}],"author":[{"embeddable":true,"href":"https:\/\/nikolaimedtner.com\/de\/wp-json\/wp\/v2\/users\/3"}],"replies":[{"embeddable":true,"href":"https:\/\/nikolaimedtner.com\/de\/wp-json\/wp\/v2\/comments?post=1798"}],"version-history":[{"count":2,"href":"https:\/\/nikolaimedtner.com\/de\/wp-json\/wp\/v2\/pages\/1798\/revisions"}],"predecessor-version":[{"id":1805,"href":"https:\/\/nikolaimedtner.com\/de\/wp-json\/wp\/v2\/pages\/1798\/revisions\/1805"}],"wp:attachment":[{"href":"https:\/\/nikolaimedtner.com\/de\/wp-json\/wp\/v2\/media?parent=1798"}],"curies":[{"name":"wp","href":"https:\/\/api.w.org\/{rel}","templated":true}]}}