{"id":1872,"date":"2020-05-27T13:42:47","date_gmt":"2020-05-27T13:42:47","guid":{"rendered":"https:\/\/nikolaimedtner.com\/privatsphaere\/"},"modified":"2024-06-13T20:33:45","modified_gmt":"2024-06-13T20:33:45","slug":"privatsphaere","status":"publish","type":"page","link":"https:\/\/nikolaimedtner.com\/de\/privatsphaere\/","title":{"rendered":"Privatsph\u00e4re"},"content":{"rendered":"<p><strong>DATENSCHUTZERKL\u00c4RUNG<\/strong><\/p>\n<p>Ekaterina Levental und Frank Peters sind f\u00fcr die Verarbeitung personenbezogener Daten gem\u00e4\u00df dieser Datenschutzerkl\u00e4rung verantwortlich.<\/p>\n<p><strong>Kontaktinformation:<\/strong><br \/>\nLinnaeusparkweg 64 hs<br \/>\n1098 EE Amsterdam<br \/>\n+3120 6920853<br \/>\ninfo @ koolmees.net<br \/>\nKVK: 234703<\/p>\n<p><strong>Welche Daten verarbeiten wir und zu welchem \u200b\u200bZweck?<\/strong><\/p>\n<ul>\n<li>Wir nutzen Ihren Namen und Ihre E-Mail-Adresse mehrmals im Jahr f\u00fcr unseren Newsletter, sofern Sie sich daf\u00fcr registriert haben. Wenn Sie eine CD kaufen, verwenden wir Ihre Adresse f\u00fcr den Versand. Dar\u00fcber hinaus werden von uns keine Daten genutzt oder gespeichert.<\/li>\n<\/ul>\n<p><strong>Wie werden sie verarbeitet und verwaltet?<\/strong><\/p>\n<ul>\n<li>Die Verarbeitung Ihrer Daten erfolgt manuell durch uns pers\u00f6nlich.<\/li>\n<li>Wir vernichten die Daten, sobald Sie dies verlangen.<\/li>\n<li>Wir nehmen Ihre Privatsph\u00e4re sehr ernst und geben Ihre Daten niemals an Dritte weiter.<\/li>\n<li>Wir selbst verwenden keine Cookies oder \u00e4hnliche Techniken, mit Ausnahme von Google Analytics und den Tracking-Techniken, die YouTube, Vimeo und Facebook in die von uns genutzten sozialen Medien integriert haben.<\/li>\n<li>Wenn Sie unsere Website besuchen, stimmen Sie dem Datenaustausch mit Google Analytics zu. Google Analytics erfasst anonyme Daten, sodass diese Daten nicht mit Ihrem Namen oder Ihrer E-Mail-Adresse verkn\u00fcpft werden. Google Analytics verwendet Cookies, um zu untersuchen, wie Benutzer unsere Website nutzen und wie sich dieses Erlebnis verbessern l\u00e4sst. Diese Google Analytics-Cookies wurden von uns anonymisiert: Die letzten drei Ziffern Ihrer IP-Adresse bleiben unbekannt.<\/li>\n<li>Wenn Sie sich f\u00fcr den Newsletter anmelden, stimmen Sie dem Datenaustausch mit MailChimp zu. Mailchimp fungiert beim Versand von E-Mail-Nachrichten als Vermittler und f\u00fchrt nur von uns initiierte Aktionen aus.<\/li>\n<li>Mit\/von diesen Dienstleistern bestehen folgende Vereinbarungen:\n<ul>\n<li><a href=\"https:\/\/cloud.google.com\/terms\/data-processing-terms\" target=\"_blank\" rel=\"noopener noreferrer\">Google<\/a><\/li>\n<li><a href=\"https:\/\/mailchimp.com\/legal\/privacy\/\" target=\"_blank\" rel=\"noopener noreferrer\">Mailchimp<\/a><\/li>\n<\/ul>\n<\/li>\n<li>Sie haben die M\u00f6glichkeit, die Datenerfassung durch Google Analytics abzulehnen, indem Sie das Browser-Add-on zur Deaktivierung von Google Analytics f\u00fcr Ihren aktuellen Internetbrowser herunterladen. Klicken Sie dazu <a href=\"https:\/\/tools.google.com\/dlpage\/gaoptout?hl=en\" target=\"_blank\" rel=\"noopener noreferrer\">hier<\/a><span style=\"color: #000000;\"><span style=\"font-family: AtlasGrotesk, Helvetica, sans-serif;\"><span style=\"font-size: medium;\">.<\/span><\/span><\/span><\/li>\n<\/ul>\n<p><strong>Wie k\u00f6nnen Sie Daten einsehen, anpassen oder l\u00f6schen?<\/strong><\/p>\n<ul>\n<li>Sie haben jederzeit die M\u00f6glichkeit, Ihre personenbezogenen Daten einzusehen, zu korrigieren oder zu l\u00f6schen. Sie k\u00f6nnen Ihre Einwilligung auch widerrufen oder der Verarbeitung Ihrer Daten widersprechen.<\/li>\n<li>Bitte senden Sie uns eine E-Mail mit Ihrer Anfrage und wir werden unser Bestes tun, diese innerhalb eines Werktages zu bearbeiten, es sei denn, es dauert aufgrund von Feiertagen, Krankheit oder anderer h\u00f6herer Gewalt etwas l\u00e4nger.<\/li>\n<\/ul>\n<p><strong>Weitere Garantien<\/strong><\/p>\n<ul>\n<li>Sie haben auch die M\u00f6glichkeit, eine Beschwerde bei der nationalen Aufsichtsbeh\u00f6rde, der niederl\u00e4ndischen Datenschutzbeh\u00f6rde, einzureichen \u00fcber: https:\/\/autoriteitpersoonsgegevens.nl\/nl\/contact-met-de-autoriteit-persoonsgegevens\/tip-ons<\/li>\n<li>Wir nehmen den Schutz Ihrer Daten ernst und ergreifen geeignete Ma\u00dfnahmen, um Missbrauch, Verlust, unbefugten Zugriff, unerw\u00fcnschte Offenlegung und unbefugte \u00c4nderung zu verhindern. Wenn Sie Fragen oder Zweifel haben, kontaktieren Sie uns bitte.<\/li>\n<\/ul>\n","protected":false},"excerpt":{"rendered":"<p>DATENSCHUTZERKL\u00c4RUNG Ekaterina Levental und Frank Peters sind f\u00fcr die Verarbeitung personenbezogener Daten gem\u00e4\u00df dieser Datenschutzerkl\u00e4rung verantwortlich. Kontaktinformation: Linnaeusparkweg 64 hs 1098 EE Amsterdam +3120 6920853 info @ koolmees.net KVK: 234703 Welche Daten verarbeiten wir und zu welchem \u200b\u200bZweck? Wir nutzen Ihren Namen und Ihre E-Mail-Adresse mehrmals im Jahr f\u00fcr unseren Newsletter, sofern Sie sich daf\u00fcr registriert haben. Wenn Sie eine CD kaufen, verwenden wir Ihre Adresse f\u00fcr den Versand. Dar\u00fcber hinaus werden von uns keine Daten genutzt oder gespeichert. Wie werden sie verarbeitet und verwaltet? Die Verarbeitung Ihrer Daten erfolgt manuell durch uns pers\u00f6nlich. Wir vernichten die Daten, sobald Sie dies verlangen. Wir nehmen Ihre Privatsph\u00e4re sehr ernst und geben Ihre Daten niemals an Dritte weiter. Wir selbst verwenden keine Cookies oder \u00e4hnliche Techniken, mit Ausnahme von Google Analytics und den Tracking-Techniken, die YouTube, Vimeo und Facebook in die von uns genutzten sozialen Medien integriert haben. Wenn Sie unsere Website besuchen, stimmen Sie dem Datenaustausch mit Google Analytics zu. Google Analytics erfasst anonyme Daten, sodass diese Daten nicht mit Ihrem Namen oder Ihrer E-Mail-Adresse verkn\u00fcpft werden. Google Analytics verwendet Cookies, um zu untersuchen, wie Benutzer unsere Website nutzen und wie sich dieses Erlebnis verbessern l\u00e4sst. Diese Google Analytics-Cookies wurden von uns anonymisiert: Die letzten drei Ziffern Ihrer IP-Adresse bleiben unbekannt. Wenn Sie sich f\u00fcr den Newsletter anmelden, stimmen Sie dem Datenaustausch mit MailChimp zu. Mailchimp fungiert beim Versand von E-Mail-Nachrichten als Vermittler und f\u00fchrt nur von uns initiierte Aktionen aus. Mit\/von diesen Dienstleistern bestehen folgende Vereinbarungen: Google Mailchimp Sie haben die M\u00f6glichkeit, die Datenerfassung durch Google Analytics abzulehnen, indem Sie das Browser-Add-on zur Deaktivierung von Google Analytics f\u00fcr Ihren aktuellen Internetbrowser herunterladen. Klicken Sie dazu hier. Wie k\u00f6nnen Sie Daten einsehen, anpassen oder l\u00f6schen? Sie haben jederzeit die M\u00f6glichkeit, Ihre personenbezogenen Daten einzusehen, zu korrigieren oder zu l\u00f6schen. Sie k\u00f6nnen Ihre Einwilligung auch widerrufen oder der Verarbeitung Ihrer Daten widersprechen. Bitte senden Sie uns eine E-Mail mit Ihrer Anfrage und wir werden unser Bestes tun, diese innerhalb eines Werktages zu bearbeiten, es sei denn, es dauert aufgrund von Feiertagen, Krankheit oder anderer h\u00f6herer Gewalt etwas l\u00e4nger. Weitere Garantien Sie haben auch die M\u00f6glichkeit, eine Beschwerde bei der nationalen Aufsichtsbeh\u00f6rde, der niederl\u00e4ndischen Datenschutzbeh\u00f6rde, einzureichen \u00fcber: https:\/\/autoriteitpersoonsgegevens.nl\/nl\/contact-met-de-autoriteit-persoonsgegevens\/tip-ons Wir nehmen den Schutz Ihrer Daten ernst und ergreifen geeignete Ma\u00dfnahmen, um Missbrauch, Verlust, unbefugten Zugriff, unerw\u00fcnschte Offenlegung und unbefugte \u00c4nderung zu verhindern. Wenn Sie Fragen oder Zweifel haben, kontaktieren Sie uns bitte.<\/p>\n","protected":false},"author":3,"featured_media":0,"parent":0,"menu_order":0,"comment_status":"closed","ping_status":"closed","template":"","meta":{"_monsterinsights_skip_tracking":false,"_monsterinsights_sitenote_active":false,"_monsterinsights_sitenote_note":"","_monsterinsights_sitenote_category":0,"footnotes":""},"class_list":["post-1872","page","type-page","status-publish","hentry"],"_links":{"self":[{"href":"https:\/\/nikolaimedtner.com\/de\/wp-json\/wp\/v2\/pages\/1872","targetHints":{"allow":["GET"]}}],"collection":[{"href":"https:\/\/nikolaimedtner.com\/de\/wp-json\/wp\/v2\/pages"}],"about":[{"href":"https:\/\/nikolaimedtner.com\/de\/wp-json\/wp\/v2\/types\/page"}],"author":[{"embeddable":true,"href":"https:\/\/nikolaimedtner.com\/de\/wp-json\/wp\/v2\/users\/3"}],"replies":[{"embeddable":true,"href":"https:\/\/nikolaimedtner.com\/de\/wp-json\/wp\/v2\/comments?post=1872"}],"version-history":[{"count":1,"href":"https:\/\/nikolaimedtner.com\/de\/wp-json\/wp\/v2\/pages\/1872\/revisions"}],"predecessor-version":[{"id":1873,"href":"https:\/\/nikolaimedtner.com\/de\/wp-json\/wp\/v2\/pages\/1872\/revisions\/1873"}],"wp:attachment":[{"href":"https:\/\/nikolaimedtner.com\/de\/wp-json\/wp\/v2\/media?parent=1872"}],"curies":[{"name":"wp","href":"https:\/\/api.w.org\/{rel}","templated":true}]}}