{"id":1868,"date":"2023-01-14T11:18:21","date_gmt":"2023-01-14T11:18:21","guid":{"rendered":"https:\/\/nikolaimedtner.com\/wandrers-nachtlied\/"},"modified":"2024-06-13T19:48:35","modified_gmt":"2024-06-13T19:48:35","slug":"wandrers-nachtlied","status":"publish","type":"page","link":"https:\/\/nikolaimedtner.com\/de\/wandrers-nachtlied\/","title":{"rendered":"Wandrers Nachtlied"},"content":{"rendered":"\n<p><\/p>\n\n<p><strong>Ekaterina Levental und Frank Peters pr\u00e4sentieren Wandrers Nachtlied<\/strong>. <strong>Dieses <sup>vierte<\/sup> Album zeigt im Gegensatz zu den bisherigen russischsprachigen Liedern die deutschen Wurzeln von Nikolai Medtner und enth\u00e4lt fr\u00fche deutschsprachige Lieder mit Texten von Goethe und Heine.<\/strong><\/p>\n\n<div style=\"height:19px\" aria-hidden=\"true\" class=\"wp-block-spacer\"><\/div>\n\n<p>Diese CD kann ab sofort bestellt werden. Unterst\u00fctzen Sie das Medtner-Projekt und bestellen Sie <a rel=\"noreferrer noopener\" href=\"https:\/\/nikolaimedtner.com\/de\/?page_id=1817\" target=\"_blank\">hier<\/a> Ihre Medtner-CDs.<\/p>\n\n<p>Konzerte von Ekaterina und Frank mit Liedern von Medtner finden Sie <a rel=\"noreferrer noopener\" href=\"https:\/\/ekaterina.nl\/agenda\/\" target=\"_blank\">im Agenda<\/a>.<\/p>\n\n<p><\/p>\n\n<div style=\"height:19px\" aria-hidden=\"true\" class=\"wp-block-spacer\"><\/div>\n\n<div style=\"height:17px\" aria-hidden=\"true\" class=\"wp-block-spacer\"><\/div>\n\n<p>Nikolai Medtner hatte deutsche Wurzeln, in seinem Elternhaus wurde sogar Deutsch gesprochen, und so ist es nicht verwunderlich, dass Medtner ein Bewunderer der deutschen Kultur war. Komponisten wie Beethoven, Schumann und Brahms waren Beispiele. F\u00fcgen Sie dazu die Gedichte von Goethe und Heine hinzu und Sie haben ein ideales Rezept f\u00fcr sch\u00f6ne Musik.<\/p>\n\n<p>Eindringliche Lieder \u00fcber ewige Themen, einfach und zeitlos, geschrieben zwischen 1904 und 1909. Sie nehmen die Sehns\u00fcchte der vielen russischen Migranten vorweg, die ihr Land nach der Revolution von 1917 verlie\u00dfen, darunter auch Medtner selbst. Eine Sehnsucht nach dem, wo du nicht bist, nach dem, der du nicht bist.<\/p>\n\n<div style=\"height:29px\" aria-hidden=\"true\" class=\"wp-block-spacer\"><\/div>\n<figure class=\"wp-block-embed wp-block-embed-youtube is-type-video is-provider-youtube epyt-figure\"><div class=\"wp-block-embed__wrapper\"><iframe loading=\"lazy\"  id=\"_ytid_36127\"  width=\"400\" height=\"225\"  data-origwidth=\"400\" data-origheight=\"225\" src=\"https:\/\/www.youtube.com\/embed\/50iLfSlYF5U?enablejsapi=1&#038;autoplay=1&#038;cc_load_policy=0&#038;cc_lang_pref=&#038;iv_load_policy=1&#038;loop=0&#038;rel=0&#038;fs=1&#038;playsinline=0&#038;autohide=2&#038;theme=dark&#038;color=red&#038;controls=1&#038;disablekb=0&#038;\" class=\"__youtube_prefs__  no-lazyload\" title=\"YouTube player\"  allow=\"fullscreen; accelerometer; autoplay; clipboard-write; encrypted-media; gyroscope; picture-in-picture; web-share\" referrerpolicy=\"strict-origin-when-cross-origin\" allowfullscreen data-no-lazy=\"1\" data-skipgform_ajax_framebjll=\"\"><\/iframe><\/div><\/figure>\n<div style=\"height:42px\" aria-hidden=\"true\" class=\"wp-block-spacer\"><\/div>\n\n<p><strong>Wandrers Nachtlied in der Presse:<\/strong><\/p>\n\n<p><a rel=\"noreferrer noopener\" href=\"https:\/\/www.opusklassiek.nl\/cd-recensies\/cd-aw\/medtner03.htm?fbclid=IwAR1MnQmIiZPNzH2e-ZBxEpUy2BwYZVJxWksEXYXsQpSKAspzG5lAjjPHRkM\" target=\"_blank\">Rezension von Aart van der Wal in Opus Klassiek, Februar 2023<\/a><\/p>\n\n<p><a rel=\"noreferrer noopener\" href=\"https:\/\/artmusiclounge.wordpress.com\/2023\/02\/05\/medtner-songs-vol-4-released\/?fbclid=IwAR1VdqGwkb45axT7-y3XXYFCulGY-1KBVteIwnSVROm-T8ER6UaLTYBJPXQ\" target=\"_blank\">Rezension von Lynn Ren\u00e9 Bayley in The Art Music Lounge, Februar 2023<\/a><\/p>\n\n<p>Interview Passaggio Late Night, NPO Klassiek, met Lex Bohlmeijer en Pieter van Nes, 17 februari 2023<\/p>\n\n<figure class=\"wp-block-audio\"><audio controls=\"\" src=\"https:\/\/nikolaimedtner.com\/wp-content\/uploads\/2023\/02\/Passagio-late-night-Medtner4-kl2.mp3\"><\/audio><\/figure>\n\n<p><a href=\"https:\/\/nikolaimedtner.com\/de\/das-projekt\/\">Mehr Presse zum Medtner-Projekt<\/a><\/p>\n\n<div style=\"height:42px\" aria-hidden=\"true\" class=\"wp-block-spacer\"><\/div>\n\n<div class=\"wp-block-buttons is-layout-flex wp-block-buttons-is-layout-flex\">\n<div class=\"wp-block-button\"><a class=\"wp-block-button__link has-white-color has-text-color has-background wp-element-button\" href=\"https:\/\/nikolaimedtner.com\/steun-het-medtner-project\/\" style=\"background-color:#d94bba\" target=\"_blank\" rel=\"noreferrer noopener\"><strong> CD BESTELLEN<\/strong><\/a><\/div>\n<\/div>\n\n<div style=\"height:34px\" aria-hidden=\"true\" class=\"wp-block-spacer\"><\/div>\n\n<figure class=\"wp-block-gallery has-nested-images columns-2 is-cropped wp-block-gallery-1 is-layout-flex wp-block-gallery-is-layout-flex\">\n<figure class=\"wp-block-image size-large\"><img loading=\"lazy\" decoding=\"async\" width=\"600\" height=\"589\" data-id=\"1348\" src=\"https:\/\/nikolaimedtner.com\/wp-content\/uploads\/2023\/01\/Schermafbeelding-2023-01-14-om-11.49.00-600x589.png\" alt=\"\" class=\"wp-image-1348\" srcset=\"https:\/\/nikolaimedtner.com\/wp-content\/uploads\/2023\/01\/Schermafbeelding-2023-01-14-om-11.49.00-600x589.png 600w, https:\/\/nikolaimedtner.com\/wp-content\/uploads\/2023\/01\/Schermafbeelding-2023-01-14-om-11.49.00-300x295.png 300w, https:\/\/nikolaimedtner.com\/wp-content\/uploads\/2023\/01\/Schermafbeelding-2023-01-14-om-11.49.00-768x754.png 768w, https:\/\/nikolaimedtner.com\/wp-content\/uploads\/2023\/01\/Schermafbeelding-2023-01-14-om-11.49.00-1140x1120.png 1140w, https:\/\/nikolaimedtner.com\/wp-content\/uploads\/2023\/01\/Schermafbeelding-2023-01-14-om-11.49.00-75x75.png 75w, https:\/\/nikolaimedtner.com\/wp-content\/uploads\/2023\/01\/Schermafbeelding-2023-01-14-om-11.49.00.png 1230w\" sizes=\"auto, (max-width: 600px) 100vw, 600px\" \/><\/figure>\n\n\n\n<figure class=\"wp-block-image size-large\"><img loading=\"lazy\" decoding=\"async\" width=\"600\" height=\"518\" data-id=\"1349\" src=\"https:\/\/nikolaimedtner.com\/wp-content\/uploads\/2023\/01\/Schermafbeelding-2023-01-14-om-11.50.05-600x518.png\" alt=\"\" class=\"wp-image-1349\" srcset=\"https:\/\/nikolaimedtner.com\/wp-content\/uploads\/2023\/01\/Schermafbeelding-2023-01-14-om-11.50.05-600x518.png 600w, https:\/\/nikolaimedtner.com\/wp-content\/uploads\/2023\/01\/Schermafbeelding-2023-01-14-om-11.50.05-300x259.png 300w, https:\/\/nikolaimedtner.com\/wp-content\/uploads\/2023\/01\/Schermafbeelding-2023-01-14-om-11.50.05-768x663.png 768w, https:\/\/nikolaimedtner.com\/wp-content\/uploads\/2023\/01\/Schermafbeelding-2023-01-14-om-11.50.05-1140x984.png 1140w, https:\/\/nikolaimedtner.com\/wp-content\/uploads\/2023\/01\/Schermafbeelding-2023-01-14-om-11.50.05.png 1391w\" sizes=\"auto, (max-width: 600px) 100vw, 600px\" \/><\/figure>\n<\/figure>\n\n<div style=\"height:34px\" aria-hidden=\"true\" class=\"wp-block-spacer\"><\/div>\n\n<div class=\"wp-block-buttons is-layout-flex wp-block-buttons-is-layout-flex\">\n<div class=\"wp-block-button\"><a class=\"wp-block-button__link has-background wp-element-button\" href=\"https:\/\/nikolaimedtner.com\/wp-content\/uploads\/2023\/01\/Teksten-CD-Wandrers-Nachtlied.pdf\" style=\"background-color:#d94bba\" target=\"_blank\" rel=\"noreferrer noopener\">Teksten Wandrers Nachlied (DE\/EN)<\/a><\/div>\n<\/div>\n\n<div style=\"height:53px\" aria-hidden=\"true\" class=\"wp-block-spacer\"><\/div>\n\n<div class=\"wp-block-buttons is-layout-flex wp-block-buttons-is-layout-flex\">\n<div class=\"wp-block-button\"><a class=\"wp-block-button__link has-background wp-element-button\" href=\"https:\/\/nikolaimedtner.com\/steun-het-medtner-project\/\" style=\"background-color:#d94bba\" target=\"_blank\" rel=\"noreferrer noopener\"><strong> <em>BUY CD<\/em><\/strong><\/a><\/div>\n<\/div>\n\n<div style=\"height:34px\" aria-hidden=\"true\" class=\"wp-block-spacer\"><\/div>\n\n<figure class=\"wp-block-gallery has-nested-images columns-2 is-cropped wp-block-gallery-2 is-layout-flex wp-block-gallery-is-layout-flex\">\n<figure class=\"wp-block-image size-large\"><img loading=\"lazy\" decoding=\"async\" width=\"600\" height=\"589\" data-id=\"1348\" src=\"https:\/\/nikolaimedtner.com\/wp-content\/uploads\/2023\/01\/Schermafbeelding-2023-01-14-om-11.49.00-600x589.png\" alt=\"\" class=\"wp-image-1348\" srcset=\"https:\/\/nikolaimedtner.com\/wp-content\/uploads\/2023\/01\/Schermafbeelding-2023-01-14-om-11.49.00-600x589.png 600w, https:\/\/nikolaimedtner.com\/wp-content\/uploads\/2023\/01\/Schermafbeelding-2023-01-14-om-11.49.00-300x295.png 300w, https:\/\/nikolaimedtner.com\/wp-content\/uploads\/2023\/01\/Schermafbeelding-2023-01-14-om-11.49.00-768x754.png 768w, https:\/\/nikolaimedtner.com\/wp-content\/uploads\/2023\/01\/Schermafbeelding-2023-01-14-om-11.49.00-1140x1120.png 1140w, https:\/\/nikolaimedtner.com\/wp-content\/uploads\/2023\/01\/Schermafbeelding-2023-01-14-om-11.49.00-75x75.png 75w, https:\/\/nikolaimedtner.com\/wp-content\/uploads\/2023\/01\/Schermafbeelding-2023-01-14-om-11.49.00.png 1230w\" sizes=\"auto, (max-width: 600px) 100vw, 600px\" \/><\/figure>\n\n\n\n<figure class=\"wp-block-image size-large\"><img loading=\"lazy\" decoding=\"async\" width=\"600\" height=\"518\" data-id=\"1349\" src=\"https:\/\/nikolaimedtner.com\/wp-content\/uploads\/2023\/01\/Schermafbeelding-2023-01-14-om-11.50.05-600x518.png\" alt=\"\" class=\"wp-image-1349\" srcset=\"https:\/\/nikolaimedtner.com\/wp-content\/uploads\/2023\/01\/Schermafbeelding-2023-01-14-om-11.50.05-600x518.png 600w, https:\/\/nikolaimedtner.com\/wp-content\/uploads\/2023\/01\/Schermafbeelding-2023-01-14-om-11.50.05-300x259.png 300w, https:\/\/nikolaimedtner.com\/wp-content\/uploads\/2023\/01\/Schermafbeelding-2023-01-14-om-11.50.05-768x663.png 768w, https:\/\/nikolaimedtner.com\/wp-content\/uploads\/2023\/01\/Schermafbeelding-2023-01-14-om-11.50.05-1140x984.png 1140w, https:\/\/nikolaimedtner.com\/wp-content\/uploads\/2023\/01\/Schermafbeelding-2023-01-14-om-11.50.05.png 1391w\" sizes=\"auto, (max-width: 600px) 100vw, 600px\" \/><\/figure>\n<\/figure>\n\n<div style=\"height:34px\" aria-hidden=\"true\" class=\"wp-block-spacer\"><\/div>\n\n<div class=\"wp-block-buttons is-layout-flex wp-block-buttons-is-layout-flex\">\n<div class=\"wp-block-button\"><a class=\"wp-block-button__link has-background wp-element-button\" href=\"https:\/\/nikolaimedtner.com\/wp-content\/uploads\/2023\/01\/Teksten-CD-Wandrers-Nachtlied.pdf\" style=\"background-color:#d94bba\" target=\"_blank\" rel=\"noreferrer noopener\">Text Wandrers Nachtlied (DE\/EN)<\/a><\/div>\n<\/div>\n\n<div style=\"height:81px\" aria-hidden=\"true\" class=\"wp-block-spacer\"><\/div>\n\n<p>Diese CD wurde teilweise durch einen Beitrag der Sena Music Production Fund erm\u00f6glicht.<\/p>\n\n<figure class=\"wp-block-image size-large is-resized\"><img loading=\"lazy\" decoding=\"async\" src=\"https:\/\/nikolaimedtner.com\/wp-content\/uploads\/2022\/09\/image-600x450.png\" alt=\"\" class=\"wp-image-1323\" width=\"65\" height=\"49\" srcset=\"https:\/\/nikolaimedtner.com\/wp-content\/uploads\/2022\/09\/image-600x450.png 600w, https:\/\/nikolaimedtner.com\/wp-content\/uploads\/2022\/09\/image-300x225.png 300w, https:\/\/nikolaimedtner.com\/wp-content\/uploads\/2022\/09\/image-768x576.png 768w, https:\/\/nikolaimedtner.com\/wp-content\/uploads\/2022\/09\/image.png 800w\" sizes=\"auto, (max-width: 65px) 100vw, 65px\" \/><\/figure>\n","protected":false},"excerpt":{"rendered":"<p>Ekaterina Levental und Frank Peters pr\u00e4sentieren Wandrers Nachtlied. Dieses vierte Album zeigt im Gegensatz zu den bisherigen russischsprachigen Liedern die deutschen Wurzeln von Nikolai Medtner und enth\u00e4lt fr\u00fche deutschsprachige Lieder mit Texten von Goethe und Heine. Diese CD kann ab sofort bestellt werden. Unterst\u00fctzen Sie das Medtner-Projekt und bestellen Sie hier Ihre Medtner-CDs. Konzerte von Ekaterina und Frank mit Liedern von Medtner finden Sie im Agenda. Nikolai Medtner hatte deutsche Wurzeln, in seinem Elternhaus wurde sogar Deutsch gesprochen, und so ist es nicht verwunderlich, dass Medtner ein Bewunderer der deutschen Kultur war. Komponisten wie Beethoven, Schumann und Brahms waren Beispiele. F\u00fcgen Sie dazu die Gedichte von Goethe und Heine hinzu und Sie haben ein ideales Rezept f\u00fcr sch\u00f6ne Musik. Eindringliche Lieder \u00fcber ewige Themen, einfach und zeitlos, geschrieben zwischen 1904 und 1909. Sie nehmen die Sehns\u00fcchte der vielen russischen Migranten vorweg, die ihr Land nach der Revolution von 1917 verlie\u00dfen, darunter auch Medtner selbst. Eine Sehnsucht nach dem, wo du nicht bist, nach dem, der du nicht bist. Wandrers Nachtlied in der Presse: Rezension von Aart van der Wal in Opus Klassiek, Februar 2023 Rezension von Lynn Ren\u00e9 Bayley in The Art Music Lounge, Februar 2023 Interview Passaggio Late Night, NPO Klassiek, met Lex Bohlmeijer en Pieter van Nes, 17 februari 2023 Mehr Presse zum Medtner-Projekt Diese CD wurde teilweise durch einen Beitrag der Sena Music Production Fund erm\u00f6glicht.<\/p>\n","protected":false},"author":3,"featured_media":0,"parent":0,"menu_order":0,"comment_status":"closed","ping_status":"closed","template":"","meta":{"_monsterinsights_skip_tracking":false,"_monsterinsights_sitenote_active":false,"_monsterinsights_sitenote_note":"","_monsterinsights_sitenote_category":0,"footnotes":""},"class_list":["post-1868","page","type-page","status-publish","hentry"],"_links":{"self":[{"href":"https:\/\/nikolaimedtner.com\/de\/wp-json\/wp\/v2\/pages\/1868","targetHints":{"allow":["GET"]}}],"collection":[{"href":"https:\/\/nikolaimedtner.com\/de\/wp-json\/wp\/v2\/pages"}],"about":[{"href":"https:\/\/nikolaimedtner.com\/de\/wp-json\/wp\/v2\/types\/page"}],"author":[{"embeddable":true,"href":"https:\/\/nikolaimedtner.com\/de\/wp-json\/wp\/v2\/users\/3"}],"replies":[{"embeddable":true,"href":"https:\/\/nikolaimedtner.com\/de\/wp-json\/wp\/v2\/comments?post=1868"}],"version-history":[{"count":1,"href":"https:\/\/nikolaimedtner.com\/de\/wp-json\/wp\/v2\/pages\/1868\/revisions"}],"predecessor-version":[{"id":1869,"href":"https:\/\/nikolaimedtner.com\/de\/wp-json\/wp\/v2\/pages\/1868\/revisions\/1869"}],"wp:attachment":[{"href":"https:\/\/nikolaimedtner.com\/de\/wp-json\/wp\/v2\/media?parent=1868"}],"curies":[{"name":"wp","href":"https:\/\/api.w.org\/{rel}","templated":true}]}}