{"id":1929,"date":"2020-12-21T13:10:38","date_gmt":"2020-12-21T13:10:38","guid":{"rendered":"https:\/\/nikolaimedtner.com\/sleeplessness\/"},"modified":"2024-06-17T18:00:44","modified_gmt":"2024-06-17T18:00:44","slug":"sleeplessness","status":"publish","type":"page","link":"https:\/\/nikolaimedtner.com\/de\/sleeplessness\/","title":{"rendered":"Sleeplessness"},"content":{"rendered":"\n<blockquote class=\"wp-block-quote is-style-default is-layout-flow wp-block-quote-is-layout-flow\"><p><em>\u201eDiese \u00fcbernat\u00fcrlichen und unglaublich sch\u00f6nen Lieder wurden noch nie in ihrer Gesamtheit aufgenommen. Das ist unm\u00f6glich. Diese Musik muss dokumentiert und verf\u00fcgbar sein. Das machen wir zu unserer Lebensaufgabe.\u201c &#8211; Ekaterina Levental und Frank Peters<\/em><\/p><\/blockquote>\n\n<div style=\"height:59px\" aria-hidden=\"true\" class=\"wp-block-spacer\"><\/div>\n\n<p>Ekaterina und Frank pr\u00e4sentieren die zweite einer Reihe von f\u00fcnf CDs: <strong><em>Sleeplessness<\/em><\/strong> mit den Liedern von <a rel=\"noreferrer noopener\" href=\"https:\/\/nikolaimedtner.com\/de\/nikolai-medtner\/\" target=\"_blank\">Nikolai Medtner (1880-1951).<\/a><\/p>\n\n<div style=\"height:56px\" aria-hidden=\"true\" class=\"wp-block-spacer\"><\/div>\n\n<div class=\"wp-block-buttons is-layout-flex wp-block-buttons-is-layout-flex\">\n<div class=\"wp-block-button is-style-fill\"><a class=\"wp-block-button__link has-background\" href=\"https:\/\/nikolaimedtner.com\/de\/?page_id=1817\" style=\"background-color:#7b1a1a\" target=\"_blank\" rel=\"noreferrer noopener\"><strong>SPENDEN\/BESTELLEN<\/strong><\/a><\/div>\n<\/div>\n\n<div style=\"height:68px\" aria-hidden=\"true\" class=\"wp-block-spacer\"><\/div>\n\n<figure class=\"wp-block-gallery columns-2 is-cropped wp-block-gallery-1 is-layout-flex wp-block-gallery-is-layout-flex\"><ul class=\"blocks-gallery-grid\"><li class=\"blocks-gallery-item\"><figure><img loading=\"lazy\" decoding=\"async\" width=\"300\" height=\"297\" src=\"https:\/\/nikolaimedtner.com\/wp-content\/uploads\/2020\/12\/96061-MEDTNER-Booklet-02-300x297.jpeg\" alt=\"\" data-id=\"977\" data-full-url=\"https:\/\/nikolaimedtner.com\/wp-content\/uploads\/2020\/12\/96061-MEDTNER-Booklet-02.jpeg\" data-link=\"https:\/\/nikolaimedtner.com\/96061-medtner-booklet-02\/\" class=\"wp-image-977\" srcset=\"https:\/\/nikolaimedtner.com\/wp-content\/uploads\/2020\/12\/96061-MEDTNER-Booklet-02-300x297.jpeg 300w, https:\/\/nikolaimedtner.com\/wp-content\/uploads\/2020\/12\/96061-MEDTNER-Booklet-02-600x595.jpeg 600w, https:\/\/nikolaimedtner.com\/wp-content\/uploads\/2020\/12\/96061-MEDTNER-Booklet-02-150x150.jpeg 150w, https:\/\/nikolaimedtner.com\/wp-content\/uploads\/2020\/12\/96061-MEDTNER-Booklet-02-75x75.jpeg 75w, https:\/\/nikolaimedtner.com\/wp-content\/uploads\/2020\/12\/96061-MEDTNER-Booklet-02.jpeg 714w\" sizes=\"auto, (max-width: 300px) 100vw, 300px\" \/><\/figure><\/li><li class=\"blocks-gallery-item\"><figure><img loading=\"lazy\" decoding=\"async\" width=\"300\" height=\"257\" src=\"https:\/\/nikolaimedtner.com\/wp-content\/uploads\/2020\/12\/96061-MEDTNER-InlayTray-02-300x257.jpeg\" alt=\"\" data-id=\"976\" data-full-url=\"https:\/\/nikolaimedtner.com\/wp-content\/uploads\/2020\/12\/96061-MEDTNER-InlayTray-02.jpeg\" data-link=\"https:\/\/nikolaimedtner.com\/96061-medtner-inlaytray-02\/\" class=\"wp-image-976\" srcset=\"https:\/\/nikolaimedtner.com\/wp-content\/uploads\/2020\/12\/96061-MEDTNER-InlayTray-02-300x257.jpeg 300w, https:\/\/nikolaimedtner.com\/wp-content\/uploads\/2020\/12\/96061-MEDTNER-InlayTray-02-600x514.jpeg 600w, https:\/\/nikolaimedtner.com\/wp-content\/uploads\/2020\/12\/96061-MEDTNER-InlayTray-02-768x658.jpeg 768w, https:\/\/nikolaimedtner.com\/wp-content\/uploads\/2020\/12\/96061-MEDTNER-InlayTray-02.jpeg 812w\" sizes=\"auto, (max-width: 300px) 100vw, 300px\" \/><\/figure><\/li><\/ul><\/figure>\n\n<div style=\"height:52px\" aria-hidden=\"true\" class=\"wp-block-spacer\"><\/div>\n\n<div class=\"wp-block-buttons is-content-justification-left is-layout-flex wp-block-buttons-is-layout-flex\">\n<div class=\"wp-block-button\"><a class=\"wp-block-button__link has-background\" href=\"https:\/\/nikolaimedtner.com\/wp-content\/uploads\/2021\/02\/Nederlandse-teksten-CD-Sleeplessness-.pdf\" style=\"background-color:#7b1a1a\" target=\"_blank\" rel=\"noreferrer noopener\">Niederl\u00e4ndische \u00dcbersetzungen der CD Sleeplessness<\/a><\/div>\n<\/div>\n\n<div style=\"height:71px\" aria-hidden=\"true\" class=\"wp-block-spacer\"><\/div>\n\n<p><strong>CD Sleeplessness in der Presse<\/strong><\/p>\n\n<p><a rel=\"noreferrer noopener\" href=\"https:\/\/nikolaimedtner.com\/wp-content\/uploads\/2021\/03\/D9418D9B-5EF4-4C31-BEDA-E662A2F6E933-scaled.jpeg\" target=\"_blank\">Rezension von Benjamin Rous in Klassieke Zaken, M\u00e4rz 2021<\/a><\/p>\n\n<p><a rel=\"noreferrer noopener\" href=\"https:\/\/artmusiclounge.wordpress.com\/2021\/02\/04\/levental-sings-medtner-vol-2\/\" target=\"_blank\">Rezension von Lynn Ren\u00e9 Bayley in der Art Music Lounge, Februar 2021<\/a><\/p>\n\n<p><a rel=\"noreferrer noopener\" href=\"https:\/\/musicalifeiten.nl\/cd-recensies\/459-m\/18541-medtner-sleeplessness\" target=\"_blank\">Rezension von Jan de Kruijf<\/a><a href=\"https:\/\/musicalifeiten.nl\/cd-recensies\/459-m\/18541-medtner-sleeplessness\" target=\"_blank\" rel=\"noreferrer noopener\">f<\/a> <a rel=\"noreferrer noopener\" href=\"https:\/\/musicalifeiten.nl\/cd-recensies\/459-m\/18541-medtner-sleeplessness\" target=\"_blank\">in Musikalifeiten, Februar 2021<\/a><\/p>\n\n<p><a href=\"https:\/\/www.opusklassiek.nl\/cd-recensies\/cd-gsch\/gschmedtner04.htm\" target=\"_blank\" rel=\"noreferrer noopener\">Rezension von Gerard Scheltens in Opus Klassiek, Februar 2021<\/a><\/p>\n\n<p><a href=\"https:\/\/nikolaimedtner.com\/wp-content\/uploads\/2021\/03\/Schermafbeelding-2021-03-17-om-15.54.05.jpeg\" target=\"_blank\" rel=\"noreferrer noopener\">Rezension von Jenny Camilleri in De Volkskrant, Februar 2021<\/a><\/p>\n\n<p><a rel=\"noreferrer noopener\" href=\"https:\/\/www.nporadio4.nl\/spiegelzaal\/uitzendingen\/2021-02-07-spiegelzaal-10\" target=\"_blank\">Programm live vom Spiegelzaal Concertgebouw, 7. Februar 2021<\/a><\/p>\n\n<p><a rel=\"noreferrer noopener\" href=\"https:\/\/www.nporadio4.nl\/podium\/uitzendingen\/2021-02-05-podium-16\" target=\"_blank\">Programmpodium, NPO Radio 4 mit Dieuwertje Blok, 5. Februar 2021<\/a><\/p>\n\n<p><a href=\"https:\/\/nikolaimedtner.com\/wp-content\/uploads\/2021\/03\/image001.jpg\" target=\"_blank\" rel=\"noreferrer noopener\">Artikel von Peter van der Lint in Trouw, Februar 2021<\/a><\/p>\n\n<p><a rel=\"noreferrer noopener\" href=\"https:\/\/www.nporadio4.nl\/avondconcert\/nieuws\/7265-russische-poezie-op-muziek-van-medtner-en-zijn-zielsverwanten\" target=\"_blank\">Radio 4 NPO Abendkonzert, 4. Februar 2021 in der Bethlehem Kirche Amsterdam<\/a><\/p>\n","protected":false},"excerpt":{"rendered":"<p>\u201eDiese \u00fcbernat\u00fcrlichen und unglaublich sch\u00f6nen Lieder wurden noch nie in ihrer Gesamtheit aufgenommen. Das ist unm\u00f6glich. Diese Musik muss dokumentiert und verf\u00fcgbar sein. Das machen wir zu unserer Lebensaufgabe.\u201c &#8211; Ekaterina Levental und Frank Peters Ekaterina und Frank pr\u00e4sentieren die zweite einer Reihe von f\u00fcnf CDs: Sleeplessness mit den Liedern von Nikolai Medtner (1880-1951). CD Sleeplessness in der Presse Rezension von Benjamin Rous in Klassieke Zaken, M\u00e4rz 2021 Rezension von Lynn Ren\u00e9 Bayley in der Art Music Lounge, Februar 2021 Rezension von Jan de Kruijff in Musikalifeiten, Februar 2021 Rezension von Gerard Scheltens in Opus Klassiek, Februar 2021 Rezension von Jenny Camilleri in De Volkskrant, Februar 2021 Programm live vom Spiegelzaal Concertgebouw, 7. Februar 2021 Programmpodium, NPO Radio 4 mit Dieuwertje Blok, 5. Februar 2021 Artikel von Peter van der Lint in Trouw, Februar 2021 Radio 4 NPO Abendkonzert, 4. Februar 2021 in der Bethlehem Kirche Amsterdam<\/p>\n","protected":false},"author":3,"featured_media":0,"parent":0,"menu_order":0,"comment_status":"closed","ping_status":"closed","template":"","meta":{"_monsterinsights_skip_tracking":false,"_monsterinsights_sitenote_active":false,"_monsterinsights_sitenote_note":"","_monsterinsights_sitenote_category":0,"footnotes":""},"class_list":["post-1929","page","type-page","status-publish","hentry"],"_links":{"self":[{"href":"https:\/\/nikolaimedtner.com\/de\/wp-json\/wp\/v2\/pages\/1929","targetHints":{"allow":["GET"]}}],"collection":[{"href":"https:\/\/nikolaimedtner.com\/de\/wp-json\/wp\/v2\/pages"}],"about":[{"href":"https:\/\/nikolaimedtner.com\/de\/wp-json\/wp\/v2\/types\/page"}],"author":[{"embeddable":true,"href":"https:\/\/nikolaimedtner.com\/de\/wp-json\/wp\/v2\/users\/3"}],"replies":[{"embeddable":true,"href":"https:\/\/nikolaimedtner.com\/de\/wp-json\/wp\/v2\/comments?post=1929"}],"version-history":[{"count":1,"href":"https:\/\/nikolaimedtner.com\/de\/wp-json\/wp\/v2\/pages\/1929\/revisions"}],"predecessor-version":[{"id":1930,"href":"https:\/\/nikolaimedtner.com\/de\/wp-json\/wp\/v2\/pages\/1929\/revisions\/1930"}],"wp:attachment":[{"href":"https:\/\/nikolaimedtner.com\/de\/wp-json\/wp\/v2\/media?parent=1929"}],"curies":[{"name":"wp","href":"https:\/\/api.w.org\/{rel}","templated":true}]}}