{"id":1870,"date":"2021-09-03T14:58:51","date_gmt":"2021-09-03T14:58:51","guid":{"rendered":"https:\/\/nikolaimedtner.com\/presentation-cd-angel\/"},"modified":"2024-06-13T20:16:16","modified_gmt":"2024-06-13T20:16:16","slug":"presentation-cd-angel","status":"publish","type":"page","link":"https:\/\/nikolaimedtner.com\/de\/presentation-cd-angel\/","title":{"rendered":"Presentation CD Angel"},"content":{"rendered":"\n<p class=\"has-text-align-center has-vivid-cyan-blue-color has-text-color\"><em>(Englisch unten)<\/em><\/p>\n\n<p class=\"has-text-align-center\">Die dritte CD Angel wird am 7. November 2021 vorgestellt. Das Pr\u00e4sentationskonzert findet in der Westvestkerk in Schiedam statt. Karten f\u00fcr dieses Konzert k\u00f6nnen Sie hier bestellen. <\/p>\n\n<div class=\"wp-block-buttons is-content-justification-center is-layout-flex wp-block-buttons-is-layout-flex\">\n<div class=\"wp-block-button\"><a class=\"wp-block-button__link has-luminous-vivid-orange-background-color has-background\" href=\"https:\/\/www.eventbrite.nl\/e\/tickets-presentatieconcert-cd-angel-medtner-169848630827?aff=ebdsoporgprofile\" target=\"_blank\" rel=\"noreferrer noopener\"><strong>Bestellen Sie hier Tickets f\u00fcr das Pr\u00e4sentationskonzert<\/strong><\/a><\/div>\n<\/div>\n\n<p class=\"has-text-align-center\">Sollten Sie verhindert sein, finden Sie sp\u00e4ter auch eine Zusammenstellung dieses Konzerts auf dieser Seite.<\/p>\n\n<div style=\"height:23px\" aria-hidden=\"true\" class=\"wp-block-spacer\"><\/div>\n\n<div class=\"wp-block-image\"><figure class=\"aligncenter size-large is-resized\"><img loading=\"lazy\" decoding=\"async\" src=\"https:\/\/nikolaimedtner.com\/wp-content\/uploads\/2021\/09\/Schermafbeelding-2021-09-03-om-17.02.34.jpeg\" alt=\"\" class=\"wp-image-1196\" width=\"362\" height=\"360\" srcset=\"https:\/\/nikolaimedtner.com\/wp-content\/uploads\/2021\/09\/Schermafbeelding-2021-09-03-om-17.02.34.jpeg 482w, https:\/\/nikolaimedtner.com\/wp-content\/uploads\/2021\/09\/Schermafbeelding-2021-09-03-om-17.02.34-150x150.jpeg 150w, https:\/\/nikolaimedtner.com\/wp-content\/uploads\/2021\/09\/Schermafbeelding-2021-09-03-om-17.02.34-75x75.jpeg 75w\" sizes=\"auto, (max-width: 362px) 100vw, 362px\" \/><\/figure><\/div>\n\n<div style=\"height:15px\" aria-hidden=\"true\" class=\"wp-block-spacer\"><\/div>\n\n<p class=\"has-text-align-center\"><strong>Unterst\u00fctzen Sie das Medtner-Projekt mit einer Spende und erhalten Sie eine CD!<\/strong><\/p>\n\n<div class=\"wp-block-buttons is-content-justification-center is-layout-flex wp-block-buttons-is-layout-flex\">\n<div class=\"wp-block-button is-style-fill\"><a class=\"wp-block-button__link has-luminous-vivid-orange-background-color has-background\" href=\"https:\/\/nikolaimedtner.com\/steun-het-medtner-project\/\" target=\"_blank\" rel=\"noreferrer noopener\"><strong>SPENDEN\/BESTELLEN<\/strong><\/a><\/div>\n<\/div>\n\n<p class=\"has-text-align-center\"><\/p>\n\n<p class=\"has-text-align-center\">Alle Beitr\u00e4ge sind sehr willkommen. Mit Ihrer Hilfe werden Ekaterina und Frank die folgenden CDs realisieren k\u00f6nnen.<\/p>\n\n<div class=\"wp-block-buttons is-content-justification-center is-layout-flex wp-block-buttons-is-layout-flex\">\n<div class=\"wp-block-button\"><a class=\"wp-block-button__link has-white-color has-luminous-vivid-orange-background-color has-text-color has-background\" href=\"https:\/\/nikolaimedtner.com\/wp-content\/uploads\/2021\/11\/Programma-Presentatie-CD-Angel.pdf\" target=\"_blank\" rel=\"noreferrer noopener\">Programmaboekje Presentatieconcert 7 november<\/a><\/div>\n<\/div>\n\n<div style=\"height:115px\" aria-hidden=\"true\" class=\"wp-block-spacer\"><\/div>\n\n<p class=\"has-text-align-center has-vivid-cyan-blue-color has-text-color\"><em>The new CD Angel of The Medtner Project will be released on 7th November. <\/em><\/p>\n\n<p class=\"has-text-align-center has-vivid-cyan-blue-color has-text-color\"><em>You can order tickets here. <\/em><\/p>\n\n<p class=\"has-text-align-center has-vivid-cyan-blue-color has-text-color\"><em>Or check this page after the concert for a compilation.<\/em><\/p>\n\n<div style=\"height:18px\" aria-hidden=\"true\" class=\"wp-block-spacer\"><\/div>\n\n<p class=\"has-text-align-center has-vivid-cyan-blue-color has-text-color\"><em><strong>Helfen Sie, indem Sie f\u00fcr das Projekt spenden, und erhalten Sie eine CD!<\/strong><\/em><\/p>\n\n<div class=\"wp-block-buttons is-content-justification-center is-layout-flex wp-block-buttons-is-layout-flex\">\n<div class=\"wp-block-button\"><a class=\"wp-block-button__link has-luminous-vivid-orange-background-color has-background\" href=\"https:\/\/nikolaimedtner.com\/steun-het-medtner-project\/\" target=\"_blank\" rel=\"noreferrer noopener\"><strong>SPENDEN\/BESTELLEN<\/strong><\/a><\/div>\n<\/div>\n\n<p class=\"has-text-align-center has-vivid-cyan-blue-color has-text-color\"><em>Angel is the third of 5 CD\u2019s, which will present the complete 108 songs of Nikolai Medtner.<\/em><\/p>\n\n<p class=\"has-text-align-center has-vivid-cyan-blue-color has-text-color\"><em>Nur mit Ihrer Hilfe k\u00f6nnen Ekaterina und Frank die kommenden CDs produzieren.<\/em> <em>Alle Beitr\u00e4ge werden sehr gesch\u00e4tzt.<\/em><\/p>\n\n<div class=\"wp-block-buttons is-content-justification-center is-layout-flex wp-block-buttons-is-layout-flex\">\n<div class=\"wp-block-button\"><a class=\"wp-block-button__link has-luminous-vivid-orange-background-color has-background\" href=\"https:\/\/nikolaimedtner.com\/wp-content\/uploads\/2021\/02\/Programma-Presentatie-CD-Sleeplessness-twee-talen.pdf\" target=\"_blank\" rel=\"noreferrer noopener\">Programmvorstellung Konzert 7. Februar<\/a><\/div>\n<\/div>\n\n<p><\/p>\n","protected":false},"excerpt":{"rendered":"<p>(Englisch unten) Die dritte CD Angel wird am 7. November 2021 vorgestellt. Das Pr\u00e4sentationskonzert findet in der Westvestkerk in Schiedam statt. Karten f\u00fcr dieses Konzert k\u00f6nnen Sie hier bestellen. Sollten Sie verhindert sein, finden Sie sp\u00e4ter auch eine Zusammenstellung dieses Konzerts auf dieser Seite. Unterst\u00fctzen Sie das Medtner-Projekt mit einer Spende und erhalten Sie eine CD! Alle Beitr\u00e4ge sind sehr willkommen. Mit Ihrer Hilfe werden Ekaterina und Frank die folgenden CDs realisieren k\u00f6nnen. The new CD Angel of The Medtner Project will be released on 7th November. You can order tickets here. Or check this page after the concert for a compilation. Helfen Sie, indem Sie f\u00fcr das Projekt spenden, und erhalten Sie eine CD! Angel is the third of 5 CD\u2019s, which will present the complete 108 songs of Nikolai Medtner. Nur mit Ihrer Hilfe k\u00f6nnen Ekaterina und Frank die kommenden CDs produzieren. Alle Beitr\u00e4ge werden sehr gesch\u00e4tzt.<\/p>\n","protected":false},"author":3,"featured_media":0,"parent":0,"menu_order":0,"comment_status":"closed","ping_status":"closed","template":"","meta":{"_monsterinsights_skip_tracking":false,"_monsterinsights_sitenote_active":false,"_monsterinsights_sitenote_note":"","_monsterinsights_sitenote_category":0,"footnotes":""},"class_list":["post-1870","page","type-page","status-publish","hentry"],"_links":{"self":[{"href":"https:\/\/nikolaimedtner.com\/de\/wp-json\/wp\/v2\/pages\/1870","targetHints":{"allow":["GET"]}}],"collection":[{"href":"https:\/\/nikolaimedtner.com\/de\/wp-json\/wp\/v2\/pages"}],"about":[{"href":"https:\/\/nikolaimedtner.com\/de\/wp-json\/wp\/v2\/types\/page"}],"author":[{"embeddable":true,"href":"https:\/\/nikolaimedtner.com\/de\/wp-json\/wp\/v2\/users\/3"}],"replies":[{"embeddable":true,"href":"https:\/\/nikolaimedtner.com\/de\/wp-json\/wp\/v2\/comments?post=1870"}],"version-history":[{"count":1,"href":"https:\/\/nikolaimedtner.com\/de\/wp-json\/wp\/v2\/pages\/1870\/revisions"}],"predecessor-version":[{"id":1871,"href":"https:\/\/nikolaimedtner.com\/de\/wp-json\/wp\/v2\/pages\/1870\/revisions\/1871"}],"wp:attachment":[{"href":"https:\/\/nikolaimedtner.com\/de\/wp-json\/wp\/v2\/media?parent=1870"}],"curies":[{"name":"wp","href":"https:\/\/api.w.org\/{rel}","templated":true}]}}