{"id":1860,"date":"2019-02-14T19:51:23","date_gmt":"2019-02-14T19:51:23","guid":{"rendered":"https:\/\/nikolaimedtner.com\/ekaterina-frank\/"},"modified":"2024-06-15T16:31:46","modified_gmt":"2024-06-15T16:31:46","slug":"ekaterina-frank","status":"publish","type":"page","link":"https:\/\/nikolaimedtner.com\/de\/ekaterina-frank\/","title":{"rendered":"Ekaterina &amp; Frank"},"content":{"rendered":"\n<p class=\"has-large-font-size\"><strong>Ekaterina Levental<\/strong><\/p>\n\n\n\n<p>Ekaterina wurde in Taschkent, der Hauptstadt Usbekistans, einer Republik in der ehemaligen Sowjetunion, geboren. Sie studierte Gesang am K\u00f6niglichen Konservatorium Den Haag und Harfe an den Konservatorien Enschede, Detmold (Deutschland) und Rotterdam. F\u00fcr beides erlangte sie ihren Masterabschluss cum laude. Sie studierte Harfe unter anderem bei Alexandre Bonnet, Godelieve Schrama, Germaine Lorenzini und Catherine Michel. Und Gesang unter anderem mit Meinard Kraak, Rita Dams, Barbara Pearson, Valerie Guillorit und Paul Triepels und wird derzeit von Margreet Honig trainiert.<\/p>\n\n\n\n<p>Ihre Karriere als Harfenistin und S\u00e4ngerin begann sie beim Harfenduo Bilitis zusammen mit Eva Tebbe, mit der sie 18 Jahre lang im In- und Ausland auftrat und mehrere internationale Preise gewann. Das Duo schrieb eigene Arrangements, vergab Kompositionsauftr\u00e4ge und kreierte Musiktheaterauff\u00fchrungen. Das Duo Bilitis produzierte drei CDs mit Musik unter anderem von Debussy, Ravel, Franck, Granados und De Falla.<\/p>\n\n\n\n<p>Ekaterina hat auch eine Karriere als Operns\u00e4ngerin und Theaterk\u00fcnstlerin. Sie arbeitete als Solistin mit Opern- und Musiktheaterkompanien wie De Nationale Opera, LOD Gent Belgien, Opera Trionfo, Jan Fabre\/Troubleyn Belgien, Hollands Diep Dordrecht, Opera Spanga, Veenfabriek Leiden, Jeugdtheater Sonnevanck, Opera Nijetrijne, Holland Opera und Toneelhuis Antwerpen, Silbersee, LeineRoebana, Diamantfabriek, World Opera Lab und andere. Sie trat auf internationalen B\u00fchnen und Festivals wie dem Holland Festival, dem O-Festival Rotterdam, dem Aurora Festival, dem Emmy Verhey Festival, dem Festival Musica Nova, dem Grachtenfestival, Oerol, dem World Harp Congress, dem Avignon Festival, der Korea National Opera, dem Calais Opera House und der Tokyo Opera auf Haus.<\/p>\n\n\n\n<p>Mit Chris Koolmees entwickelt Ekaterina unter dem Namen LEKS Compagnie verschiedene Musiktheaterprojekte, darunter das autobiografische Triptychon De Weg \u2013 De Grens \u2013 Pik-Dame. 6 LEKS producties spelen op dit moment door het hele land. LEKS wurde auch in Spanien, Estland, Frankreich, Belgien, S\u00fcdafrika, Zypern, der Ukraine, Japan und Usbekistan gezeigt.<br><\/p>\n\n\n\n<p>Ekaterina gibt auch Solokonzerte, bei denen sie sich selbst auf der Harfe begleitet.<\/p>\n\n\n\n<p>Info: <a rel=\"noreferrer noopener\" href=\"http:\/\/www.ekaterina.nl\" target=\"_blank\">www.ekaterina.nl<\/a> und <a href=\"http:\/\/www.leks.nu\" data-type=\"URL\" data-id=\"www.leks.nu\" target=\"_blank\" rel=\"noreferrer noopener\">www.leks.nu<\/a><\/p>\n\n\n\n<blockquote class=\"wp-block-quote is-layout-flow wp-block-quote-is-layout-flow\">\n<p><em>Es war Liebe auf den ersten Blick, als ich dank des Pianisten Frank Peters zum ersten Mal mit Medtners Musik in Kontakt kam. Ein Gef\u00fchl des tiefen Erkennens, als w\u00fcrde pl\u00f6tzlich etwas offenbart, was man schon immer wusste. Medtners Musik hat eine bezaubernde Kraft und ich bin dem\u00fctig dankbar f\u00fcr ihre F\u00e4higkeit, mich in eine andere Welt zu entf\u00fchren.<\/em><\/p>\n<\/blockquote>\n\n\n\n<p><em>Foto: Feriet Tunc<\/em><\/p>\n\n\n\n<p class=\"has-large-font-size\"><strong>Frank Peters<\/strong><\/p>\n\n\n\n<p>Frank Peters studierte bei Janine van Mever an der Kunsthochschule Arnheim und anschlie\u00dfend bei Jan Wijn am Sweelinck-Konservatorium in Amsterdam. Sein Abschlussdiplom erlangte er mit \u201eCum Laude\u201c. Dar\u00fcber hinaus nahm er Unterricht bei Peter Feuchtwanger, Elisabeth Leonskaja, Hans Leygraf, Gy\u00f6rgy Seb\u00f6k und Boris Berman.<br>Nachdem er mehrere Preise bei nationalen und internationalen Wettbewerben gewonnen hatte, darunter beim Internationalen Prokofjew-Wettbewerb in St. Petersburg, trat er auf allen gro\u00dfen B\u00fchnen der Niederlande auf. Er trat auch in fast allen L\u00e4ndern Europas, Russland, China, Australien und den Vereinigten Staaten auf.<\/p>\n\n\n\n<p>Der Pianist Frank Peters ist in den unterschiedlichsten Genres der Klavierliteratur t\u00e4tig. Als Solist trat er unter anderem mit dem Radio Philharmonic Orchestra, dem Radio Symphony Orchestra, dem Residentie Orchestra, dem Gelders Orchestra und dem Polish National Radio Orchestra in Klavierkonzerten von Rachmaninow, Prokofjew, Schostakowitsch, Schnittke, Ravel, Gershwin auf. G\u00f3recki, Beethoven, Mozart und Bach.<\/p>\n\n\n\n<p>Auch in der Kammermusik ist er ein gefragter Partner. So spielte er beispielsweise Sorabjis beispiellos kompliziertes Klavierquintett mit dem Quatuor Danel. Diese Zusammenarbeit f\u00fchrte zu einer intensiven Bindung zu diesem renommierten Quartett und zu Interpretationen von Klavierquintetten von Medtner, Respighi, Faur\u00e9, Franck, Schostakowitsch, Weinberg, Chausson und Schnittke. Au\u00dferdem trat er unter anderem mit Emmy Verhey, Phillip Graffin, Tatiana Samouil, Eldar Nebolsin, Paavali Jumppanen, Vladimir Mendelssohn, Mikhail Zemtsov, G\u00e9rard Causs\u00e9e, Quatuor Mailbran, dem Zemlinsky Quartet und Oxalys auf.<\/p>\n\n\n\n<p>2003 realisierte Frank Peters in Zusammenarbeit mit dem Zephyr Quartett ein Programm rund um die kanadische Komponistin Vivier. Dieses Programm wurde 2005 beim Holland Festival wiederbelebt und erhielt begeisterte Kritiken in allen gro\u00dfen Zeitungen. Das Melbourne International Arts Festival \u00fcbernahm 2006 das Programm. Im Februar 2004 gab er beim Festival \u201eMusica Polonica Nova\u201c die Weltpremiere von Hanna Kulentys drittem Klavierkonzert. Die niederl\u00e4ndische Erstauff\u00fchrung folgte im Februar 2006 mit dem Radio Philharmonic Orchestra im Musikzentrum Vredenburg. Unz\u00e4hlige Konzerte wurden von Rundfunk und Fernsehen im In- und Ausland aufgezeichnet. Zwischenzeitlich arbeitete er an CD-Aufnahmen mit Werken von Kulenty, Ter Veldhuis und Frederick van Rossum. Au\u00dferdem nahm er mit dem Hexagon Ensemble, dessen Pianist Frank seit 2007 ist, CDs mit Werken englischer und niederl\u00e4ndischer Komponisten auf sowie vor kurzem eine CD mit die Klavier Kwintteten von Mozart und Beethoven.<\/p>\n\n\n\n<p>Frank Peters ist Professor Klavier am Amsterdamer Konservatorium und gibt regelm\u00e4\u00dfig Meisterkurse in Frankreich, Belgien, Italien und China. Seine Studenten sind bei nationalen und internationalen Wettbewerben erfolgreich.<\/p>\n\n\n\n<p>Info: <a href=\"http:\/\/www.frankpeters.nl\" data-type=\"URL\" data-id=\"www.frankpeters.nl\" target=\"_blank\" rel=\"noreferrer noopener\">www.frankpeters.nl<\/a><\/p>\n\n\n\n<blockquote class=\"wp-block-quote is-layout-flow wp-block-quote-is-layout-flow\">\n<p><em>Meine gro\u00dfe Liebe zu Rachmaninow f\u00fchrte mich zu Medtner. Ich habe einmal in der Sowjetunion ein Album mit Skazki (\u201eM\u00e4rchen\u201c oder \u201eErz\u00e4hlungen\u201c) von Medtner gekauft, die sich auch in diesem Land als selten erwies. Die Musik blieb lange auf meinem Fl\u00fcgel liegen. Ganz langsam entdeckte ich, dass es sich um eine ganz besondere und einzigartige Welt handelte. Sicherlich verwandt mit Rachmaninow, aber auch v\u00f6llig einzigartig und sehr russisch.<\/em><\/p>\n\n\n\n<p><em>Medtners Lieder sind f\u00fcr mich in vielerlei Hinsicht ein Lustgarten. Das Wichtigste f\u00fcr mich ist, dass ich in seiner Musik meine Seele und mein Gef\u00fchlsleben reflektiert siehe. <\/em><\/p>\n<\/blockquote>\n\n\n\n<p><em>Foto: Marije van den Berg<\/em><\/p>\n\n\n\n<h2 class=\"wp-block-heading\"><\/h2>\n","protected":false},"excerpt":{"rendered":"<p>Ekaterina Levental Ekaterina wurde in Taschkent, der Hauptstadt Usbekistans, einer Republik in der ehemaligen Sowjetunion, geboren. Sie studierte Gesang am K\u00f6niglichen Konservatorium Den Haag und Harfe an den Konservatorien Enschede, Detmold (Deutschland) und Rotterdam. F\u00fcr beides erlangte sie ihren Masterabschluss cum laude. Sie studierte Harfe unter anderem bei Alexandre Bonnet, Godelieve Schrama, Germaine Lorenzini und Catherine Michel. Und Gesang unter anderem mit Meinard Kraak, Rita Dams, Barbara Pearson, Valerie Guillorit und Paul Triepels und wird derzeit von Margreet Honig trainiert. Ihre Karriere als Harfenistin und S\u00e4ngerin begann sie beim Harfenduo Bilitis zusammen mit Eva Tebbe, mit der sie 18 Jahre lang im In- und Ausland auftrat und mehrere internationale Preise gewann. Das Duo schrieb eigene Arrangements, vergab Kompositionsauftr\u00e4ge und kreierte Musiktheaterauff\u00fchrungen. Das Duo Bilitis produzierte drei CDs mit Musik unter anderem von Debussy, Ravel, Franck, Granados und De Falla. Ekaterina hat auch eine Karriere als Operns\u00e4ngerin und Theaterk\u00fcnstlerin. Sie arbeitete als Solistin mit Opern- und Musiktheaterkompanien wie De Nationale Opera, LOD Gent Belgien, Opera Trionfo, Jan Fabre\/Troubleyn Belgien, Hollands Diep Dordrecht, Opera Spanga, Veenfabriek Leiden, Jeugdtheater Sonnevanck, Opera Nijetrijne, Holland Opera und Toneelhuis Antwerpen, Silbersee, LeineRoebana, Diamantfabriek, World Opera Lab und andere. Sie trat auf internationalen B\u00fchnen und Festivals wie dem Holland Festival, dem O-Festival Rotterdam, dem Aurora Festival, dem Emmy Verhey Festival, dem Festival Musica Nova, dem Grachtenfestival, Oerol, dem World Harp Congress, dem Avignon Festival, der Korea National Opera, dem Calais Opera House und der Tokyo Opera auf Haus. Mit Chris Koolmees entwickelt Ekaterina unter dem Namen LEKS Compagnie verschiedene Musiktheaterprojekte, darunter das autobiografische Triptychon De Weg \u2013 De Grens \u2013 Pik-Dame. 6 LEKS producties spelen op dit moment door het hele land. LEKS wurde auch in Spanien, Estland, Frankreich, Belgien, S\u00fcdafrika, Zypern, der Ukraine, Japan und Usbekistan gezeigt. Ekaterina gibt auch Solokonzerte, bei denen sie sich selbst auf der Harfe begleitet. Info: www.ekaterina.nl und www.leks.nu Es war Liebe auf den ersten Blick, als ich dank des Pianisten Frank Peters zum ersten Mal mit Medtners Musik in Kontakt kam. Ein Gef\u00fchl des tiefen Erkennens, als w\u00fcrde pl\u00f6tzlich etwas offenbart, was man schon immer wusste. Medtners Musik hat eine bezaubernde Kraft und ich bin dem\u00fctig dankbar f\u00fcr ihre F\u00e4higkeit, mich in eine andere Welt zu entf\u00fchren. Foto: Feriet Tunc Frank Peters Frank Peters studierte bei Janine van Mever an der Kunsthochschule Arnheim und anschlie\u00dfend bei Jan Wijn am Sweelinck-Konservatorium in Amsterdam. Sein Abschlussdiplom erlangte er mit \u201eCum Laude\u201c. Dar\u00fcber hinaus nahm er Unterricht bei Peter Feuchtwanger, Elisabeth Leonskaja, Hans Leygraf, Gy\u00f6rgy Seb\u00f6k und Boris Berman.Nachdem er mehrere Preise bei nationalen und internationalen Wettbewerben gewonnen hatte, darunter beim Internationalen Prokofjew-Wettbewerb in St. Petersburg, trat er auf allen gro\u00dfen B\u00fchnen der Niederlande auf. Er trat auch in fast allen L\u00e4ndern Europas, Russland, China, Australien und den Vereinigten Staaten auf. Der Pianist Frank Peters ist in den unterschiedlichsten Genres der Klavierliteratur t\u00e4tig. Als Solist trat er unter anderem mit dem Radio Philharmonic Orchestra, dem Radio Symphony Orchestra, dem Residentie Orchestra, dem Gelders Orchestra und dem Polish National Radio Orchestra in Klavierkonzerten von Rachmaninow, Prokofjew, Schostakowitsch, Schnittke, Ravel, Gershwin auf. G\u00f3recki, Beethoven, Mozart und Bach. Auch in der Kammermusik ist er ein gefragter Partner. So spielte er beispielsweise Sorabjis beispiellos kompliziertes Klavierquintett mit dem Quatuor Danel. Diese Zusammenarbeit f\u00fchrte zu einer intensiven Bindung zu diesem renommierten Quartett und zu Interpretationen von Klavierquintetten von Medtner, Respighi, Faur\u00e9, Franck, Schostakowitsch, Weinberg, Chausson und Schnittke. Au\u00dferdem trat er unter anderem mit Emmy Verhey, Phillip Graffin, Tatiana Samouil, Eldar Nebolsin, Paavali Jumppanen, Vladimir Mendelssohn, Mikhail Zemtsov, G\u00e9rard Causs\u00e9e, Quatuor Mailbran, dem Zemlinsky Quartet und Oxalys auf. 2003 realisierte Frank Peters in Zusammenarbeit mit dem Zephyr Quartett ein Programm rund um die kanadische Komponistin Vivier. Dieses Programm wurde 2005 beim Holland Festival wiederbelebt und erhielt begeisterte Kritiken in allen gro\u00dfen Zeitungen. Das Melbourne International Arts Festival \u00fcbernahm 2006 das Programm. Im Februar 2004 gab er beim Festival \u201eMusica Polonica Nova\u201c die Weltpremiere von Hanna Kulentys drittem Klavierkonzert. Die niederl\u00e4ndische Erstauff\u00fchrung folgte im Februar 2006 mit dem Radio Philharmonic Orchestra im Musikzentrum Vredenburg. Unz\u00e4hlige Konzerte wurden von Rundfunk und Fernsehen im In- und Ausland aufgezeichnet. Zwischenzeitlich arbeitete er an CD-Aufnahmen mit Werken von Kulenty, Ter Veldhuis und Frederick van Rossum. Au\u00dferdem nahm er mit dem Hexagon Ensemble, dessen Pianist Frank seit 2007 ist, CDs mit Werken englischer und niederl\u00e4ndischer Komponisten auf sowie vor kurzem eine CD mit die Klavier Kwintteten von Mozart und Beethoven. Frank Peters ist Professor Klavier am Amsterdamer Konservatorium und gibt regelm\u00e4\u00dfig Meisterkurse in Frankreich, Belgien, Italien und China. Seine Studenten sind bei nationalen und internationalen Wettbewerben erfolgreich. Info: www.frankpeters.nl Meine gro\u00dfe Liebe zu Rachmaninow f\u00fchrte mich zu Medtner. Ich habe einmal in der Sowjetunion ein Album mit Skazki (\u201eM\u00e4rchen\u201c oder \u201eErz\u00e4hlungen\u201c) von Medtner gekauft, die sich auch in diesem Land als selten erwies. Die Musik blieb lange auf meinem Fl\u00fcgel liegen. Ganz langsam entdeckte ich, dass es sich um eine ganz besondere und einzigartige Welt handelte. Sicherlich verwandt mit Rachmaninow, aber auch v\u00f6llig einzigartig und sehr russisch. Medtners Lieder sind f\u00fcr mich in vielerlei Hinsicht ein Lustgarten. Das Wichtigste f\u00fcr mich ist, dass ich in seiner Musik meine Seele und mein Gef\u00fchlsleben reflektiert siehe. Foto: Marije van den Berg<\/p>\n","protected":false},"author":3,"featured_media":0,"parent":0,"menu_order":0,"comment_status":"closed","ping_status":"closed","template":"","meta":{"_monsterinsights_skip_tracking":false,"_monsterinsights_sitenote_active":false,"_monsterinsights_sitenote_note":"","_monsterinsights_sitenote_category":0,"footnotes":""},"class_list":["post-1860","page","type-page","status-publish","hentry"],"_links":{"self":[{"href":"https:\/\/nikolaimedtner.com\/de\/wp-json\/wp\/v2\/pages\/1860","targetHints":{"allow":["GET"]}}],"collection":[{"href":"https:\/\/nikolaimedtner.com\/de\/wp-json\/wp\/v2\/pages"}],"about":[{"href":"https:\/\/nikolaimedtner.com\/de\/wp-json\/wp\/v2\/types\/page"}],"author":[{"embeddable":true,"href":"https:\/\/nikolaimedtner.com\/de\/wp-json\/wp\/v2\/users\/3"}],"replies":[{"embeddable":true,"href":"https:\/\/nikolaimedtner.com\/de\/wp-json\/wp\/v2\/comments?post=1860"}],"version-history":[{"count":2,"href":"https:\/\/nikolaimedtner.com\/de\/wp-json\/wp\/v2\/pages\/1860\/revisions"}],"predecessor-version":[{"id":1886,"href":"https:\/\/nikolaimedtner.com\/de\/wp-json\/wp\/v2\/pages\/1860\/revisions\/1886"}],"wp:attachment":[{"href":"https:\/\/nikolaimedtner.com\/de\/wp-json\/wp\/v2\/media?parent=1860"}],"curies":[{"name":"wp","href":"https:\/\/api.w.org\/{rel}","templated":true}]}}