{"id":1856,"date":"2023-06-05T15:32:52","date_gmt":"2023-06-05T15:32:52","guid":{"rendered":"https:\/\/nikolaimedtner.com\/himmel-auf-erden\/"},"modified":"2024-06-13T19:34:31","modified_gmt":"2024-06-13T19:34:31","slug":"himmel-auf-erden","status":"publish","type":"page","link":"https:\/\/nikolaimedtner.com\/de\/himmel-auf-erden\/","title":{"rendered":"Himmel auf Erden"},"content":{"rendered":"\n<div style=\"height:28px\" aria-hidden=\"true\" class=\"wp-block-spacer\"><\/div>\n\n<p class=\"has-text-align-center\"><strong>Medtner <strong>und<\/strong><\/strong> <strong>Rachmaninoff<\/strong><\/p>\n\n<p class=\"has-text-align-center\"><em>Auf der Suche nach dem Unerreichbaren<\/em><\/p>\n\n<div style=\"height:38px\" aria-hidden=\"true\" class=\"wp-block-spacer\"><\/div>\n\n<p>\u201eHimmel auf Erden\u201c ist eine Anthologie mit H\u00f6hepunkten aus Vokalwerken von Sergei Rachmaninoff (1873-1943) und Nikolai Medtner (1880-1951). Lieder basierend auf ber\u00fchmter russischer und deutscher Poesie und unvergleichlichen Vokalisierungen. Besonders sind auch die Gedichte Puschkins, die beide Komponisten auf ihre eigene Art und Weise zum Ausdruck gebracht haben.<\/p>\n\n<p>Rachmaninff und Medtner waren nicht nur gro\u00dfe Klaviervirtuosen und Gro\u00dfmeister der russischen Sp\u00e4tromantik, sie waren auch enge Freunde. Und beide gaben dem Unaussprechlichen eine Stimme.<\/p>\n\n<p>In diesem Abendkonzert untersuchen die Mezzosopranistin Ekaterina Levental und der Pianist Frank Peters, was beide Komponisten bewegte, welche Ideale und Inspirationen sie hatten und wie sie den Himmel auf Erden gestalteten.<\/p>\n\n<div style=\"height:42px\" aria-hidden=\"true\" class=\"wp-block-spacer\"><\/div>\n\n<div class=\"wp-block-columns are-vertically-aligned-center is-layout-flex wp-container-core-columns-is-layout-28f84493 wp-block-columns-is-layout-flex\">\n<div class=\"wp-block-column is-vertically-aligned-center is-layout-flow wp-block-column-is-layout-flow\" style=\"flex-basis:100%\">\n<div class=\"wp-block-group\"><div class=\"wp-block-group__inner-container is-layout-constrained wp-block-group-is-layout-constrained\">\n<p class=\"has-text-align-center\"><em>\u201e\u2026Gibt es einen Ort, an dem Erl\u00f6sung und Sch\u00f6nheit herrschen?<\/em><\/p>\n\n\n\n<p class=\"has-text-align-center\"><em>Reinige das Leiden mit Feuer<\/em><\/p>\n\n\n\n<p class=\"has-text-align-center\"><em>Und wo es keinen Platz f\u00fcr Normalit\u00e4t gibt<\/em><\/p>\n\n\n\n<p class=\"has-text-align-center\"><em>Und kurzlebige Eindr\u00fccke?<\/em><\/p>\n\n\n\n<p class=\"has-text-align-center\"><em>Werde ich vergessen k\u00f6nnen?<\/em><\/p>\n\n\n\n<p class=\"has-text-align-center\"><em>Welches Leben hatte mich vorbereitet?<\/em><\/p>\n\n\n\n<p class=\"has-text-align-center\"><em>Als toter Mensch werde ich nichts mehr wissen<\/em><\/p>\n\n\n\n<p class=\"has-text-align-center\"><em>Von Liebeskummer, von Schmerz und Bedauern? &#8230;\u201c<\/em><\/p>\n\n\n\n<p class=\"has-text-align-center\"><sub><em>Alexander Puschkin<\/em><\/sub><\/p>\n<\/div><\/div>\n<\/div>\n<\/div>\n\n<div style=\"height:42px\" aria-hidden=\"true\" class=\"wp-block-spacer\"><\/div>\n\n<p>In diesem Programm balancieren wir st\u00e4ndig auf der Trennlinie zwischen Himmel und Erde. Vorgetragen von gro\u00dfen Komponisten nach Texten gro\u00dfer Dichter und manchmal sogar ohne ein Wort zu sagen.<\/p>\n\n<p>Die Texte der Lieder erforschen jeweils auf ihre eigene Weise den Sinn und die Bedeutung unserer Existenz auf der Erde. \u201eArion\u201c ist eine Ballade \u00fcber einen \u00dcberlebenden eines Schiffbruchs, der durch Musik die Kraft zum \u00dcberleben gefunden hat. \u201eThe Muse\u201c enth\u00fcllt das Geheimnis gefl\u00fcsterter Worte, die ein Leben lang als Inspiration dienen k\u00f6nnen.<\/p>\n\n<p>\u201eWandrers Nachtlied\u201c philosophiert \u00fcber die Kraft der Natur, die den Tod \u00fcberwinden kann. \u201eD\u00e4mmerung\u201c versucht den Moment der Unsterblichkeit in Licht und Farbe einzufangen. Und \u201eElegie\u201c fragt konkret, ob der Himmel auf Erden zu finden ist. (Mit einer deutlich zustimmenden Antwort von Medtner.)<\/p>\n\n<p>Doch wenn die Worte zu kurz kommen, entscheiden sich beide Komponisten f\u00fcr die Vokalisierung, f\u00fcr das Wortlose, das Unaussprechliche, das, was dennoch geteilt werden will, weil es uns miteinander verbindet: der Wille, die Verg\u00e4nglichkeit zu \u00fcberwinden. Diese Vokalisen kommunizieren \u00fcber Sprachgrenzen hinweg. \u00dcber Ver\u00e4nderlichkeit und Zweifel und \u00fcber die Kraft des Weitersuchens.<\/p>\n\n<div style=\"height:42px\" aria-hidden=\"true\" class=\"wp-block-spacer\"><\/div>\n\n<figure class=\"wp-block-embed is-type-video is-provider-youtube wp-block-embed-youtube wp-embed-aspect-16-9 wp-has-aspect-ratio\"><div class=\"wp-block-embed__wrapper\">\n<iframe loading=\"lazy\"  id=\"_ytid_85261\"  width=\"960\" height=\"540\"  data-origwidth=\"960\" data-origheight=\"540\" src=\"https:\/\/www.youtube.com\/embed\/LQTpSAAdTi4?enablejsapi=1&#038;autoplay=0&#038;cc_load_policy=0&#038;cc_lang_pref=&#038;iv_load_policy=1&#038;loop=0&#038;rel=0&#038;fs=1&#038;playsinline=0&#038;autohide=2&#038;theme=dark&#038;color=red&#038;controls=1&#038;disablekb=0&#038;\" class=\"__youtube_prefs__  epyt-is-override  no-lazyload\" title=\"YouTube player\"  allow=\"fullscreen; accelerometer; autoplay; clipboard-write; encrypted-media; gyroscope; picture-in-picture; web-share\" referrerpolicy=\"strict-origin-when-cross-origin\" allowfullscreen data-no-lazy=\"1\" data-skipgform_ajax_framebjll=\"\"><\/iframe>\n<\/div><\/figure>\n\n<div style=\"height:42px\" aria-hidden=\"true\" class=\"wp-block-spacer\"><\/div>\n<div class=\"wp-block-image\">\n<figure class=\"aligncenter size-large\"><img decoding=\"async\" src=\"https:\/\/nikolaimedtner.com\/wp-content\/uploads\/2023\/06\/De-Hemel-op-Aarde-programma-600x525.jpg\" alt=\"\" class=\"wp-image-1465\"\/><\/figure>\n<\/div>\n<div class=\"wp-block-group\"><div class=\"wp-block-group__inner-container is-layout-constrained wp-block-group-is-layout-constrained\">\n<div class=\"wp-block-group\"><div class=\"wp-block-group__inner-container is-layout-constrained wp-block-group-is-layout-constrained\">\n<p><\/p>\n<\/div><\/div>\n<\/div><\/div>\n\n<div style=\"height:53px\" aria-hidden=\"true\" class=\"wp-block-spacer\"><\/div>\n\n<p>Ekaterina Levental und Frank Peters engagieren sich f\u00fcr die Arbeit von Nikolai Medtner. Um es einem gr\u00f6\u00dferen Publikum bekannt zu machen. Mit dem Medtner-Projekt, einer Aufnahme seines gesamten Liedschaffens auf CD, ernteten sie im In- und Ausland viel Lob.<\/p>\n\n<p>Mit \u201eHimmel auf Erden\u201c bringen sie dieses einzigartige Gesamtwerk nun auch auf die Konzertb\u00fchnen.<\/p>\n\n<p><\/p>\n\n<p><strong>Credits:<\/strong><\/p>\n\n<p>Ekaterina Levental &#8211; mezzosopran<\/p>\n\n<p>Frank Peters \u2013 Klavier<\/p>\n\n<p><strong>Information: <\/strong><a href=\"https:\/\/nikolaimedtner.com\/de\/himmel-auf-erden\/\">https:\/\/nikolaimedtner.com\/de-hemel-op-aarde\/<\/a><\/p>\n\n<p><strong>Video<\/strong>: <a href=\"https:\/\/www.youtube.com\/channel\/UCpItGTI1QcNhQ8oV5q-3IaA\">Medtner Project Youtube<\/a><\/p>\n\n<p><strong>Buchungen:<\/strong> LEKS Compagnie | Chris Koolmees \u2013 <a href=\"mailto:%20pr@leks.nu\">kontaktieren Sie uns hier.<\/a><\/p>\n","protected":false},"excerpt":{"rendered":"<p>Medtner und Rachmaninoff Auf der Suche nach dem Unerreichbaren \u201eHimmel auf Erden\u201c ist eine Anthologie mit H\u00f6hepunkten aus Vokalwerken von Sergei Rachmaninoff (1873-1943) und Nikolai Medtner (1880-1951). Lieder basierend auf ber\u00fchmter russischer und deutscher Poesie und unvergleichlichen Vokalisierungen. Besonders sind auch die Gedichte Puschkins, die beide Komponisten auf ihre eigene Art und Weise zum Ausdruck gebracht haben. Rachmaninff und Medtner waren nicht nur gro\u00dfe Klaviervirtuosen und Gro\u00dfmeister der russischen Sp\u00e4tromantik, sie waren auch enge Freunde. Und beide gaben dem Unaussprechlichen eine Stimme. In diesem Abendkonzert untersuchen die Mezzosopranistin Ekaterina Levental und der Pianist Frank Peters, was beide Komponisten bewegte, welche Ideale und Inspirationen sie hatten und wie sie den Himmel auf Erden gestalteten. \u201e\u2026Gibt es einen Ort, an dem Erl\u00f6sung und Sch\u00f6nheit herrschen? Reinige das Leiden mit Feuer Und wo es keinen Platz f\u00fcr Normalit\u00e4t gibt Und kurzlebige Eindr\u00fccke? Werde ich vergessen k\u00f6nnen? Welches Leben hatte mich vorbereitet? Als toter Mensch werde ich nichts mehr wissen Von Liebeskummer, von Schmerz und Bedauern? &#8230;\u201c Alexander Puschkin In diesem Programm balancieren wir st\u00e4ndig auf der Trennlinie zwischen Himmel und Erde. Vorgetragen von gro\u00dfen Komponisten nach Texten gro\u00dfer Dichter und manchmal sogar ohne ein Wort zu sagen. Die Texte der Lieder erforschen jeweils auf ihre eigene Weise den Sinn und die Bedeutung unserer Existenz auf der Erde. \u201eArion\u201c ist eine Ballade \u00fcber einen \u00dcberlebenden eines Schiffbruchs, der durch Musik die Kraft zum \u00dcberleben gefunden hat. \u201eThe Muse\u201c enth\u00fcllt das Geheimnis gefl\u00fcsterter Worte, die ein Leben lang als Inspiration dienen k\u00f6nnen. \u201eWandrers Nachtlied\u201c philosophiert \u00fcber die Kraft der Natur, die den Tod \u00fcberwinden kann. \u201eD\u00e4mmerung\u201c versucht den Moment der Unsterblichkeit in Licht und Farbe einzufangen. Und \u201eElegie\u201c fragt konkret, ob der Himmel auf Erden zu finden ist. (Mit einer deutlich zustimmenden Antwort von Medtner.) Doch wenn die Worte zu kurz kommen, entscheiden sich beide Komponisten f\u00fcr die Vokalisierung, f\u00fcr das Wortlose, das Unaussprechliche, das, was dennoch geteilt werden will, weil es uns miteinander verbindet: der Wille, die Verg\u00e4nglichkeit zu \u00fcberwinden. Diese Vokalisen kommunizieren \u00fcber Sprachgrenzen hinweg. \u00dcber Ver\u00e4nderlichkeit und Zweifel und \u00fcber die Kraft des Weitersuchens. Ekaterina Levental und Frank Peters engagieren sich f\u00fcr die Arbeit von Nikolai Medtner. Um es einem gr\u00f6\u00dferen Publikum bekannt zu machen. Mit dem Medtner-Projekt, einer Aufnahme seines gesamten Liedschaffens auf CD, ernteten sie im In- und Ausland viel Lob. Mit \u201eHimmel auf Erden\u201c bringen sie dieses einzigartige Gesamtwerk nun auch auf die Konzertb\u00fchnen. Credits: Ekaterina Levental &#8211; mezzosopran Frank Peters \u2013 Klavier Information: https:\/\/nikolaimedtner.com\/de-hemel-op-aarde\/ Video: Medtner Project Youtube Buchungen: LEKS Compagnie | Chris Koolmees \u2013 kontaktieren Sie uns hier.<\/p>\n","protected":false},"author":3,"featured_media":0,"parent":0,"menu_order":0,"comment_status":"closed","ping_status":"closed","template":"","meta":{"_monsterinsights_skip_tracking":false,"_monsterinsights_sitenote_active":false,"_monsterinsights_sitenote_note":"","_monsterinsights_sitenote_category":0,"footnotes":""},"class_list":["post-1856","page","type-page","status-publish","hentry"],"_links":{"self":[{"href":"https:\/\/nikolaimedtner.com\/de\/wp-json\/wp\/v2\/pages\/1856","targetHints":{"allow":["GET"]}}],"collection":[{"href":"https:\/\/nikolaimedtner.com\/de\/wp-json\/wp\/v2\/pages"}],"about":[{"href":"https:\/\/nikolaimedtner.com\/de\/wp-json\/wp\/v2\/types\/page"}],"author":[{"embeddable":true,"href":"https:\/\/nikolaimedtner.com\/de\/wp-json\/wp\/v2\/users\/3"}],"replies":[{"embeddable":true,"href":"https:\/\/nikolaimedtner.com\/de\/wp-json\/wp\/v2\/comments?post=1856"}],"version-history":[{"count":7,"href":"https:\/\/nikolaimedtner.com\/de\/wp-json\/wp\/v2\/pages\/1856\/revisions"}],"predecessor-version":[{"id":1867,"href":"https:\/\/nikolaimedtner.com\/de\/wp-json\/wp\/v2\/pages\/1856\/revisions\/1867"}],"wp:attachment":[{"href":"https:\/\/nikolaimedtner.com\/de\/wp-json\/wp\/v2\/media?parent=1856"}],"curies":[{"name":"wp","href":"https:\/\/api.w.org\/{rel}","templated":true}]}}