{"id":1817,"date":"2020-04-26T19:16:59","date_gmt":"2020-04-26T19:16:59","guid":{"rendered":"https:\/\/nikolaimedtner.com\/unterstuetzen-sie-das-medtner-projekt\/"},"modified":"2024-06-17T18:01:09","modified_gmt":"2024-06-17T18:01:09","slug":"unterstuetzen-sie-das-medtner-projekt","status":"publish","type":"page","link":"https:\/\/nikolaimedtner.com\/de\/unterstuetzen-sie-das-medtner-projekt\/","title":{"rendered":"Unterst\u00fctzen Sie das Medtner-Projekt"},"content":{"rendered":"\n<p>Mit dem untenstehenden Formular k\u00f6nnen Sie spenden und eine CD bestellen.<\/p>\n\n<p>Das Medtner-Projekt ist eine Initiative von Ekaterina Levental und Frank Peters und wird durch Ihre Hilfe erm\u00f6glicht! Mit Spenden und dem Verkauf von CDs \u00fcber diese Website unterst\u00fctzen Sie das Projekt und tragen zu den Aufnahme- und Produktionskosten der n\u00e4chsten CDs bei. Alle Betr\u00e4ge sind sehr willkommen.<\/p>\n\n<p>Bei einer Spende von 25 Euro oder mehr erhalten Sie eine signierte CD (kostenloser Versand innerhalb der Niederlande). Vergessen Sie nicht, die CD Ihrer Wahl und Ihre Postanschrift einzutragen! F\u00fcr den Versand ins Ausland, <a rel=\"noreferrer noopener\" href=\"https:\/\/nikolaimedtner.com\/de\/kontakt\/\" target=\"_blank\">kontaktieren Sie<\/a> uns hier.<\/p>\n\n<p class=\"has-text-align-left\">                <form id=\"dmm_form\" action=\"\/de\/wp-json\/wp\/v2\/pages\/1817\"\n                      class=\"mf-bg\" method=\"post\">\n                    \n                                            <input type=\"hidden\" name=\"dmm_recurring_interval\" value=\"one\">\n                    \n                                            <p>\n                            <label for=\"dmm_name\">Name<span style=\"color:red;\">*<\/span><\/label>\n                            <input type=\"text\"\n                                   id=\"dmm_name\"\n                                   name=\"dmm_name\"\n                                   class=\"mf-velden\"\n                                   value=\"\"\n                                   style=\"width: 100%\">\n                        <\/p>\n                    \n                    \n                                            <p>\n                            <label for=\"dmm_email\">E-Mail-Adresse<span style=\"color:red;\">*<\/span><\/label>\n                            <input type=\"email\"\n                                   id=\"dmm_email\"\n                                   name=\"dmm_email\"\n                                   class=\"mf-velden\"\n                                   value=\"\"\n                                   style=\"width: 100%\">\n                        <\/p>\n                    \n                    \n                                            <p>\n                            <label for=\"dmm_address\">Stra\u00dfe<span style=\"color:red;\">*<\/span><\/label>\n                            <input type=\"text\"\n                                   id=\"dmm_address\"\n                                   name=\"dmm_address\"\n                                   class=\"mf-velden\"\n                                   value=\"\"\n                                   style=\"width: 100%\">\n                        <\/p>\n                        <p>\n                            <label for=\"dmm_zipcode\">Postleitzahl<span style=\"color:red;\">*<\/span><\/label>\n                            <input type=\"text\"\n                                   id=\"dmm_zipcode\"\n                                   name=\"dmm_zipcode\"\n                                   class=\"mf-velden\"\n                                   value=\"\"\n                                   style=\"width: 100%\">\n                        <\/p>\n                        <p>\n                            <label for=\"dmm_city\">Stadt<span style=\"color:red;\">*<\/span><\/label>\n                            <input type=\"text\"\n                                   id=\"dmm_city\"\n                                   name=\"dmm_city\"\n                                   class=\"mf-velden\"\n                                   value=\"\"\n                                   style=\"width: 100%\">\n                        <\/p>\n                        <p>\n                            <label for=\"dmm_country\">Land<span style=\"color:red;\">*<\/span><\/label>\n                            <input type=\"text\"\n                                   id=\"dmm_country\"\n                                   name=\"dmm_country\"\n                                   class=\"mf-velden\"\n                                   value=\"\"\n                                   style=\"width: 100%\">\n                        <\/p>\n                    \n                                            <p>\n                            <label for=\"dmm_project\">Projekt<span style=\"color:red;\">*<\/span><\/label>\n                            <select style=\"width: 100%\" id=\"dmm_project\" name=\"dmm_project\" class=\"mf-velden\"><option>Algemene donatie Medtner Project\r<\/option><option>CD Incantation \r<\/option><option>CD Sleeplessness\r<\/option><option>CD Angel Medtner\r<\/option><option>CD Wanderers Nachtlied\r<\/option><option>CD Sacred Place<\/option><\/select>                        <\/p>\n                    \n                                            <p>\n                            <label for=\"dmm_message\">Nachricht<\/label>\n                            <textarea id=\"dmm_message\"\n                                      name=\"dmm_message\"\n                                      class=\"mf-velden\"\n                                      rows=\"5\"\n                                      style=\"width: 100%\"><\/textarea>\n                        <\/p>\n                    \n                    <p>\n                        <input type=\"hidden\" name=\"dmm_currency\" id=\"dmm_currency\" value=\"EUR\"><label for=\"dmm_amount\">Betrag (<span id=\"dmm_currency_symbol\"><\/span>) <span style=\"color:red;\">*<\/span><\/label><select id=\"dmm_dd\" style=\"width: 100%\" class=\"mf-velden\" onchange=\"if(this.value!='--'){document.getElementById('dmm_amount').value=this.value.replace(',', '.');document.getElementById('dmm_amount').style.display = 'none';}else{document.getElementById('dmm_amount').style.display = 'block';}\"><option value=\"--\">Betrag angeben<\/option><option value=\"5\">5<\/option><option value=\"10\">10<\/option><option value=\"25\">25<\/option><option value=\"50\">50<\/option><option value=\"100\">100<\/option><\/select><span style=\"display:block;overflow:auto;\">\n                                  <input type=\"number\" step=\"any\" min=\"1\" id=\"dmm_amount\" name=\"dmm_amount\" class=\"mf-velden\" value=\"25.00\" style=\"width: 100%;float:left;\"><\/span>                    <\/p> <br><br>\n\n                    <p>\n        <script>\n        function dmm_multicurrency_methods(value) {\n            let dmm_currencies = {\"AED\":\"AED\",\"AUD\":\"AUD\",\"BGN\":\"BGN\",\"CAD\":\"CAD\",\"CHF\":\"CHF\",\"CZK\":\"CZK\",\"DKK\":\"DKK\",\"EUR\":\"&euro;\",\"GBP\":\"&pound;\",\"HKD\":\"HKD\",\"HRK\":\"HRK\",\"HUF\":\"HUF\",\"ILS\":\"ILS\",\"ISK\":\"ISK\",\"JPY\":\"&yen;\",\"NOK\":\"NOK\",\"NZD\":\"NZD\",\"PHP\":\"PHP\",\"PLN\":\"PLN\",\"RON\":\"RON\",\"RUB\":\"RUB\",\"SEK\":\"SEK\",\"SGD\":\"SGD\",\"USD\":\"US$\",\"ZAR\":\"ZAR\"};\n            document.getElementById(\"dmm_currency_symbol\").innerHTML = dmm_currencies[value];\n            \n            let x = document.getElementsByClassName(\"dmm_nomc\");\n            for (let i = 0; i < x.length; i++) {\n                x[i].style.display = (value!=\"EUR\" ? \"none\" : \"block\");\n                x[i].disabled = (value!=\"EUR\" ? \"disabled\" : \"\");\n            }\n        }\n        <\/script><label class=\"dmm_dd dmm_nomc\"><input type=\"radio\" name=\"dmm_method\" value=\"ideal\" checked> <img decoding=\"async\" style=\"vertical-align:middle;display:inline-block\" src=\"https:\/\/www.mollie.com\/external\/icons\/payment-methods\/ideal.png\"> iDEAL | Wero<br><\/label><label class=\"dmm_recurring dmm_nomc\"><input type=\"radio\" name=\"dmm_method\" value=\"banktransfer\" > <img decoding=\"async\" style=\"vertical-align:middle;display:inline-block\" src=\"https:\/\/www.mollie.com\/external\/icons\/payment-methods\/banktransfer.png\"> Bank\u00fcberweisung<br><\/label><label class=\"dmm_recurring dmm_mc\"><input type=\"radio\" name=\"dmm_method\" value=\"paypal\" > <img decoding=\"async\" style=\"vertical-align:middle;display:inline-block\" src=\"https:\/\/www.mollie.com\/external\/icons\/payment-methods\/paypal.png\"> PayPal<br><\/label><label class=\"dmm_dd dmm_nomc\"><input type=\"radio\" name=\"dmm_method\" value=\"bancontact\" > <img decoding=\"async\" style=\"vertical-align:middle;display:inline-block\" src=\"https:\/\/www.mollie.com\/external\/icons\/payment-methods\/bancontact.png\"> Bancontact<br><\/label><\/p>\n\n                    <br><br>\n                    <script>\n                        window.onload = function () {\n                            var dmm_dd = document.getElementById('dmm_dd');\n                            if (dmm_dd !== null) {\n                                if (dmm_dd.value !== '--') {\n                                    document.getElementById('dmm_amount').value = document.getElementById('dmm_dd').value.replace(',', '.');\n                                    document.getElementById('dmm_amount').style.display = 'none';\n                                }\n                            }\n                                                        dmm_multicurrency_methods(document.getElementById('dmm_currency').value);\n                        }\n                    <\/script>\n                    <label for=\"dmm_permission_field\" id=\"dmm_permission\" style=\"display:none\">\n\t                    <input type=\"checkbox\" id=\"dmm_permission_field\" name=\"dmm_permission\">\n\t                    Hiermit erm\u00e4chtige ich  den oben angezeigten Betrag   in regelm\u00e4\u00dfigen Abst\u00e4nden von meinem Konto abzubuchen.                     <\/label>\n\n                    \n                    \n\t                \t\t                <input type=\"submit\"\n\t\t                       name=\"dmm_submitted\"\n\t\t                       class=\"mf-button\"\n\t\t                       value=\"Jetzt spenden\">\n\t                \n                <\/form>\n                <\/p>\n\n<div style=\"height:41px\" aria-hidden=\"true\" class=\"wp-block-spacer\"><\/div>\n\n<p class=\"has-text-align-center\"><a href=\"https:\/\/nikolaimedtner.com\/de\/privatsphaere\/\" target=\"_blank\" rel=\"noreferrer noopener\">Datenschutzbestimmungen pr\u00fcfen  <\/a><\/p>\n\n<p><\/p>\n","protected":false},"excerpt":{"rendered":"<p>Mit dem untenstehenden Formular k\u00f6nnen Sie spenden und eine CD bestellen. Das Medtner-Projekt ist eine Initiative von Ekaterina Levental und Frank Peters und wird durch Ihre Hilfe erm\u00f6glicht! Mit Spenden und dem Verkauf von CDs \u00fcber diese Website unterst\u00fctzen Sie das Projekt und tragen zu den Aufnahme- und Produktionskosten der n\u00e4chsten CDs bei. Alle Betr\u00e4ge sind sehr willkommen. Bei einer Spende von 25 Euro oder mehr erhalten Sie eine signierte CD (kostenloser Versand innerhalb der Niederlande). Vergessen Sie nicht, die CD Ihrer Wahl und Ihre Postanschrift einzutragen! F\u00fcr den Versand ins Ausland, kontaktieren Sie uns hier. Datenschutzbestimmungen pr\u00fcfen<\/p>\n","protected":false},"author":3,"featured_media":0,"parent":0,"menu_order":0,"comment_status":"closed","ping_status":"closed","template":"","meta":{"_monsterinsights_skip_tracking":false,"_monsterinsights_sitenote_active":false,"_monsterinsights_sitenote_note":"","_monsterinsights_sitenote_category":0,"footnotes":""},"class_list":["post-1817","page","type-page","status-publish","hentry"],"_links":{"self":[{"href":"https:\/\/nikolaimedtner.com\/de\/wp-json\/wp\/v2\/pages\/1817","targetHints":{"allow":["GET"]}}],"collection":[{"href":"https:\/\/nikolaimedtner.com\/de\/wp-json\/wp\/v2\/pages"}],"about":[{"href":"https:\/\/nikolaimedtner.com\/de\/wp-json\/wp\/v2\/types\/page"}],"author":[{"embeddable":true,"href":"https:\/\/nikolaimedtner.com\/de\/wp-json\/wp\/v2\/users\/3"}],"replies":[{"embeddable":true,"href":"https:\/\/nikolaimedtner.com\/de\/wp-json\/wp\/v2\/comments?post=1817"}],"version-history":[{"count":3,"href":"https:\/\/nikolaimedtner.com\/de\/wp-json\/wp\/v2\/pages\/1817\/revisions"}],"predecessor-version":[{"id":1931,"href":"https:\/\/nikolaimedtner.com\/de\/wp-json\/wp\/v2\/pages\/1817\/revisions\/1931"}],"wp:attachment":[{"href":"https:\/\/nikolaimedtner.com\/de\/wp-json\/wp\/v2\/media?parent=1817"}],"curies":[{"name":"wp","href":"https:\/\/api.w.org\/{rel}","templated":true}]}}