{"id":1788,"date":"2020-04-24T20:28:15","date_gmt":"2020-04-24T20:28:15","guid":{"rendered":"https:\/\/nikolaimedtner.com\/live-stream-konzert-veroeffentlichung-cd-incantation\/"},"modified":"2024-06-12T08:44:27","modified_gmt":"2024-06-12T08:44:27","slug":"live-stream-konzert-veroeffentlichung-cd-incantation","status":"publish","type":"page","link":"https:\/\/nikolaimedtner.com\/de\/live-stream-konzert-veroeffentlichung-cd-incantation\/","title":{"rendered":"Live Stream Konzert Ver\u00f6ffentlichung CD Incantation"},"content":{"rendered":"\n<p class=\"has-text-align-center\"><em><span class=\"has-inline-color\" style=\"color:#014a8e\">(Englisch unten)<\/span><\/em><\/p>\n\n<div class=\"wp-block-buttons aligncenter is-layout-flex wp-block-buttons-is-layout-flex\">\n<div class=\"wp-block-button\"><a class=\"wp-block-button__link has-background\" href=\"https:\/\/nikolaimedtner.com\/wp-content\/uploads\/2020\/05\/Programma-Presentatie-Concert-CD-Incantation-Medtner-project.pdf\" style=\"background-color:#013897\" target=\"_blank\" rel=\"noreferrer noopener\">Programmheft<\/a><\/div>\n<\/div>\n\n<p class=\"has-text-align-center\">CD Pr\u00e4sentation Konzert von WestVest90 Schiedam.<\/p>\n<figure class=\"wp-block-embed wp-block-embed-youtube is-type-video is-provider-youtube epyt-figure\"><div class=\"wp-block-embed__wrapper\"><iframe loading=\"lazy\"  style=\"display: block; margin: 0px auto;\"  id=\"_ytid_18855\"  width=\"960\" height=\"540\"  data-origwidth=\"960\" data-origheight=\"540\" src=\"https:\/\/www.youtube.com\/embed\/HV5ph7NNm0g?enablejsapi=1&#038;autoplay=0&#038;cc_load_policy=0&#038;cc_lang_pref=&#038;iv_load_policy=1&#038;loop=0&#038;rel=0&#038;fs=1&#038;playsinline=0&#038;autohide=2&#038;theme=dark&#038;color=red&#038;controls=1&#038;disablekb=0&#038;\" class=\"__youtube_prefs__  no-lazyload\" title=\"YouTube player\"  allow=\"fullscreen; accelerometer; autoplay; clipboard-write; encrypted-media; gyroscope; picture-in-picture; web-share\" referrerpolicy=\"strict-origin-when-cross-origin\" allowfullscreen data-no-lazy=\"1\" data-skipgform_ajax_framebjll=\"\"><\/iframe><\/div><\/figure>\n<div style=\"height:22px\" aria-hidden=\"true\" class=\"wp-block-spacer\"><\/div>\n\n<div class=\"wp-block-buttons aligncenter is-layout-flex wp-block-buttons-is-layout-flex\">\n<div class=\"wp-block-button\"><a class=\"wp-block-button__link has-background\" href=\"https:\/\/nikolaimedtner.com\/steun-het-medtner-project\/\" style=\"background-color:#013897\" target=\"_blank\" rel=\"noreferrer noopener\"><strong>SPENDEN<\/strong><\/a><\/div>\n<\/div>\n\n<p class=\"has-text-align-center\"><strong>Unterst\u00fctzen Sie das Medtner-Projekt mit einer Spende und erhalten Sie eine CD!<\/strong><\/p>\n\n<p class=\"has-text-align-center\">Incantation ist die erste in einer Serie von f\u00fcnf CDs mit allen 107 Liedern von Nikolai Medtner.  <\/p>\n\n<p class=\"has-text-align-center\">Mit Ihrer Hilfe werden Ekaterina und Frank die folgenden CDs realisieren k\u00f6nnen.<\/p>\n\n<p class=\"has-text-align-center\">Alle Beitr\u00e4ge sind sehr willkommen.<\/p>\n\n<div style=\"height:35px\" aria-hidden=\"true\" class=\"wp-block-spacer\"><\/div>\n\n<div class=\"wp-block-image\"><figure class=\"aligncenter size-large is-resized\"><img decoding=\"async\" src=\"https:\/\/nikolaimedtner.com\/wp-content\/uploads\/2020\/04\/Medtner-front-600x597.jpg\" alt=\"\" class=\"wp-image-545\" width=\"200\" srcset=\"https:\/\/nikolaimedtner.com\/wp-content\/uploads\/2020\/04\/Medtner-front-600x597.jpg 600w, https:\/\/nikolaimedtner.com\/wp-content\/uploads\/2020\/04\/Medtner-front-300x300.jpg 300w, https:\/\/nikolaimedtner.com\/wp-content\/uploads\/2020\/04\/Medtner-front-150x150.jpg 150w, https:\/\/nikolaimedtner.com\/wp-content\/uploads\/2020\/04\/Medtner-front-768x764.jpg 768w, https:\/\/nikolaimedtner.com\/wp-content\/uploads\/2020\/04\/Medtner-front-75x75.jpg 75w, https:\/\/nikolaimedtner.com\/wp-content\/uploads\/2020\/04\/Medtner-front.jpg 780w\" sizes=\"(max-width: 600px) 100vw, 600px\" \/><\/figure><\/div>\n\n<div class=\"wp-block-image\"><figure class=\"aligncenter size-large is-resized\"><img decoding=\"async\" src=\"https:\/\/nikolaimedtner.com\/wp-content\/uploads\/2020\/05\/classical-now-logo.jpg\" alt=\"\" class=\"wp-image-829\" width=\"100\" srcset=\"https:\/\/nikolaimedtner.com\/wp-content\/uploads\/2020\/05\/classical-now-logo.jpg 372w, https:\/\/nikolaimedtner.com\/wp-content\/uploads\/2020\/05\/classical-now-logo-300x135.jpg 300w\" sizes=\"(max-width: 372px) 100vw, 372px\" \/><\/figure><\/div>\n\n<p class=\"has-text-align-center\">Dieses Konzert wird mitgesponsert von:<\/p>\n\n<p class=\"has-text-align-center\"><a href=\"http:\/\/classicalnow.nl\" target=\"_blank\" rel=\"noreferrer noopener\">Jetzt klassisch!  <\/a><\/p>\n\n<p class=\"has-text-align-center\">WestVest90 Schiedam<\/p>\n\n<p class=\"has-text-align-center\">Frerik De Jong<\/p>\n\n<p class=\"has-text-align-center\">Charles Rademaker<\/p>\n\n<p class=\"has-text-align-center\">Boris Peters<\/p>\n\n<p class=\"has-text-align-center\">Dank an: Johan Kloosterboer, Shane van Neerden, Daniel van den Berg, Matthias Konecny, Chris Koolmees<\/p>\n\n<p class=\"has-text-align-center\">Und, nat\u00fcrlich, Nikolai Medtner!<\/p>\n\n<div style=\"height:41px\" aria-hidden=\"true\" class=\"wp-block-spacer\"><\/div>\n\n<p class=\"has-text-align-center\"><em><span style=\"color:#014a8e\" class=\"has-inline-color\">Live Stream Release Konzert f\u00fcr neue CD, &#8218;Incantation&#8216;<br\/>Live von WestVest90 in Schiedam, NL am 10. Mai 2020, um 15 Uhr (GMT +2).<\/span><\/em><\/p>\n\n<div class=\"wp-block-buttons aligncenter is-layout-flex wp-block-buttons-is-layout-flex\">\n<div class=\"wp-block-button\"><a class=\"wp-block-button__link has-background\" href=\"https:\/\/nikolaimedtner.com\/steun-het-medtner-project\/\" style=\"background-color:#013897\" target=\"_blank\" rel=\"noreferrer noopener\"><strong>SPENDEN<\/strong><\/a><\/div>\n<\/div>\n\n<p class=\"has-text-align-center\"><span class=\"has-inline-color\" style=\"color:#014a8e\"><em><strong>Helfen Sie, indem Sie f\u00fcr das Projekt spenden, und erhalten Sie eine CD!<\/strong><\/em><br\/><em>&#8218;Incantation&#8216; ist die erste von 5 CDs, die die kompletten 107 Lieder von Nikolai Medtner pr\u00e4sentieren werden.<\/em><\/span><\/p>\n\n<p class=\"has-text-align-center\"><span class=\"has-inline-color\" style=\"color:#014a8e\"><em>Nur mit Ihrer Hilfe k\u00f6nnen Ekaterina und Frank die kommenden CDs produzieren.<\/em><br\/><em>Alle Beitr\u00e4ge werden sehr gesch\u00e4tzt.<\/em><\/span><\/p>\n","protected":false},"excerpt":{"rendered":"<p>(Englisch unten) CD Pr\u00e4sentation Konzert von WestVest90 Schiedam. Unterst\u00fctzen Sie das Medtner-Projekt mit einer Spende und erhalten Sie eine CD! Incantation ist die erste in einer Serie von f\u00fcnf CDs mit allen 107 Liedern von Nikolai Medtner. Mit Ihrer Hilfe werden Ekaterina und Frank die folgenden CDs realisieren k\u00f6nnen. Alle Beitr\u00e4ge sind sehr willkommen. Dieses Konzert wird mitgesponsert von: Jetzt klassisch! WestVest90 Schiedam Frerik De Jong Charles Rademaker Boris Peters Dank an: Johan Kloosterboer, Shane van Neerden, Daniel van den Berg, Matthias Konecny, Chris Koolmees Und, nat\u00fcrlich, Nikolai Medtner! Live Stream Release Konzert f\u00fcr neue CD, &#8218;Incantation&#8216;Live von WestVest90 in Schiedam, NL am 10. Mai 2020, um 15 Uhr (GMT +2). Helfen Sie, indem Sie f\u00fcr das Projekt spenden, und erhalten Sie eine CD!&#8218;Incantation&#8216; ist die erste von 5 CDs, die die kompletten 107 Lieder von Nikolai Medtner pr\u00e4sentieren werden. Nur mit Ihrer Hilfe k\u00f6nnen Ekaterina und Frank die kommenden CDs produzieren.Alle Beitr\u00e4ge werden sehr gesch\u00e4tzt.<\/p>\n","protected":false},"author":3,"featured_media":0,"parent":0,"menu_order":0,"comment_status":"closed","ping_status":"closed","template":"","meta":{"_monsterinsights_skip_tracking":false,"_monsterinsights_sitenote_active":false,"_monsterinsights_sitenote_note":"","_monsterinsights_sitenote_category":0,"footnotes":""},"class_list":["post-1788","page","type-page","status-publish","hentry"],"_links":{"self":[{"href":"https:\/\/nikolaimedtner.com\/de\/wp-json\/wp\/v2\/pages\/1788","targetHints":{"allow":["GET"]}}],"collection":[{"href":"https:\/\/nikolaimedtner.com\/de\/wp-json\/wp\/v2\/pages"}],"about":[{"href":"https:\/\/nikolaimedtner.com\/de\/wp-json\/wp\/v2\/types\/page"}],"author":[{"embeddable":true,"href":"https:\/\/nikolaimedtner.com\/de\/wp-json\/wp\/v2\/users\/3"}],"replies":[{"embeddable":true,"href":"https:\/\/nikolaimedtner.com\/de\/wp-json\/wp\/v2\/comments?post=1788"}],"version-history":[{"count":2,"href":"https:\/\/nikolaimedtner.com\/de\/wp-json\/wp\/v2\/pages\/1788\/revisions"}],"predecessor-version":[{"id":1790,"href":"https:\/\/nikolaimedtner.com\/de\/wp-json\/wp\/v2\/pages\/1788\/revisions\/1790"}],"wp:attachment":[{"href":"https:\/\/nikolaimedtner.com\/de\/wp-json\/wp\/v2\/media?parent=1788"}],"curies":[{"name":"wp","href":"https:\/\/api.w.org\/{rel}","templated":true}]}}