{"id":1761,"date":"2018-03-17T20:59:53","date_gmt":"2018-03-17T20:59:53","guid":{"rendered":"https:\/\/nikolaimedtner.com\/kontakt\/"},"modified":"2024-06-12T08:44:21","modified_gmt":"2024-06-12T08:44:21","slug":"kontakt","status":"publish","type":"page","link":"https:\/\/nikolaimedtner.com\/de\/kontakt\/","title":{"rendered":"Kontakt"},"content":{"rendered":"<p>Senden Sie uns eine Nachricht und wir werden Sie auf dem Laufenden halten. Oder werden Sie ein Freund und erkundigen Sie sich nach den M\u00f6glichkeiten.<\/p>\n\n<p><em><span class=\"has-inline-color\" style=\"color:#014a8e\">Senden Sie uns eine Nachricht und wir halten Sie \u00fcber unsere Fortschritte auf dem Laufenden. Oder werden Sie ein Freund und erfahren Sie mehr \u00fcber die Handlungsm\u00f6glichkeiten.<\/span><\/em><\/p>\n\n\n<div class=\"wpcf7 no-js\" id=\"wpcf7-f255-o1\" lang=\"nl-NL\" dir=\"ltr\" data-wpcf7-id=\"255\">\n<div class=\"screen-reader-response\"><p role=\"status\" aria-live=\"polite\" aria-atomic=\"true\"><\/p> <ul><\/ul><\/div>\n<form action=\"\/de\/wp-json\/wp\/v2\/pages\/1761#wpcf7-f255-o1\" method=\"post\" class=\"wpcf7-form init\" aria-label=\"Contactformulier\" novalidate=\"novalidate\" data-status=\"init\">\n<fieldset class=\"hidden-fields-container\"><input type=\"hidden\" name=\"_wpcf7\" value=\"255\" \/><input type=\"hidden\" name=\"_wpcf7_version\" value=\"6.1.5\" \/><input type=\"hidden\" name=\"_wpcf7_locale\" value=\"nl_NL\" \/><input type=\"hidden\" name=\"_wpcf7_unit_tag\" value=\"wpcf7-f255-o1\" \/><input type=\"hidden\" name=\"_wpcf7_container_post\" value=\"0\" \/><input type=\"hidden\" name=\"_wpcf7_posted_data_hash\" value=\"\" \/>\n<\/fieldset>\n<p><label> Je naam (verplicht) - Your name (obligated)<br \/>\n<span class=\"wpcf7-form-control-wrap\" data-name=\"your-name\"><input size=\"40\" maxlength=\"400\" class=\"wpcf7-form-control wpcf7-text wpcf7-validates-as-required\" aria-required=\"true\" aria-invalid=\"false\" value=\"\" type=\"text\" name=\"your-name\" \/><\/span> <\/label>\n<\/p>\n<p><label> Je e-mailadres (verplicht) - Your email address (obligated)<br \/>\n<span class=\"wpcf7-form-control-wrap\" data-name=\"your-email\"><input size=\"40\" maxlength=\"400\" class=\"wpcf7-form-control wpcf7-email wpcf7-validates-as-required wpcf7-text wpcf7-validates-as-email\" aria-required=\"true\" aria-invalid=\"false\" value=\"\" type=\"email\" name=\"your-email\" \/><\/span> <\/label>\n<\/p>\n<p><label> Onderwerp - Subject<br \/>\n<span class=\"wpcf7-form-control-wrap\" data-name=\"your-subject\"><input size=\"40\" maxlength=\"400\" class=\"wpcf7-form-control wpcf7-text\" aria-invalid=\"false\" value=\"\" type=\"text\" name=\"your-subject\" \/><\/span> <\/label>\n<\/p>\n<p><label> Je bericht - Your message<br \/>\n<span class=\"wpcf7-form-control-wrap\" data-name=\"your-message\"><textarea cols=\"40\" rows=\"10\" maxlength=\"2000\" class=\"wpcf7-form-control wpcf7-textarea\" aria-invalid=\"false\" name=\"your-message\"><\/textarea><\/span> <\/label>\n<\/p>\n<p><input class=\"wpcf7-form-control wpcf7-submit has-spinner\" type=\"submit\" value=\"Verzenden\" \/>\n<\/p><div class=\"wpcf7-response-output\" aria-hidden=\"true\"><\/div>\n<\/form>\n<\/div>\n\n","protected":false},"excerpt":{"rendered":"<p>Senden Sie uns eine Nachricht und wir werden Sie auf dem Laufenden halten. Oder werden Sie ein Freund und erkundigen Sie sich nach den M\u00f6glichkeiten. Senden Sie uns eine Nachricht und wir halten Sie \u00fcber unsere Fortschritte auf dem Laufenden. Oder werden Sie ein Freund und erfahren Sie mehr \u00fcber die Handlungsm\u00f6glichkeiten.<\/p>\n","protected":false},"author":2,"featured_media":0,"parent":0,"menu_order":0,"comment_status":"closed","ping_status":"closed","template":"","meta":{"_monsterinsights_skip_tracking":false,"_monsterinsights_sitenote_active":false,"_monsterinsights_sitenote_note":"","_monsterinsights_sitenote_category":0,"footnotes":""},"class_list":["post-1761","page","type-page","status-publish","hentry"],"_links":{"self":[{"href":"https:\/\/nikolaimedtner.com\/de\/wp-json\/wp\/v2\/pages\/1761","targetHints":{"allow":["GET"]}}],"collection":[{"href":"https:\/\/nikolaimedtner.com\/de\/wp-json\/wp\/v2\/pages"}],"about":[{"href":"https:\/\/nikolaimedtner.com\/de\/wp-json\/wp\/v2\/types\/page"}],"author":[{"embeddable":true,"href":"https:\/\/nikolaimedtner.com\/de\/wp-json\/wp\/v2\/users\/2"}],"replies":[{"embeddable":true,"href":"https:\/\/nikolaimedtner.com\/de\/wp-json\/wp\/v2\/comments?post=1761"}],"version-history":[{"count":2,"href":"https:\/\/nikolaimedtner.com\/de\/wp-json\/wp\/v2\/pages\/1761\/revisions"}],"predecessor-version":[{"id":1767,"href":"https:\/\/nikolaimedtner.com\/de\/wp-json\/wp\/v2\/pages\/1761\/revisions\/1767"}],"wp:attachment":[{"href":"https:\/\/nikolaimedtner.com\/de\/wp-json\/wp\/v2\/media?parent=1761"}],"curies":[{"name":"wp","href":"https:\/\/api.w.org\/{rel}","templated":true}]}}